{"id":156,"date":"2024-12-15T20:01:24","date_gmt":"2024-12-15T20:01:24","guid":{"rendered":"https:\/\/solutionstechsolvinc.com\/?page_id=156"},"modified":"2024-12-20T03:22:57","modified_gmt":"2024-12-20T03:22:57","slug":"services","status":"publish","type":"page","link":"https:\/\/solutionstechsolvinc.com\/es\/services\/","title":{"rendered":"Servicios"},"content":{"rendered":"<div data-elementor-type=\"wp-page\" data-elementor-id=\"156\" class=\"elementor elementor-156\" data-elementor-settings=\"{&quot;ha_cmc_init_switcher&quot;:&quot;no&quot;}\" data-elementor-post-type=\"page\">\n\t\t\t\t<div class=\"elementor-element elementor-element-081d173 e-flex e-con-boxed e-con e-parent\" data-id=\"081d173\" data-element_type=\"container\" data-settings=\"{&quot;background_background&quot;:&quot;classic&quot;,&quot;_ha_eqh_enable&quot;:false}\">\n\t\t\t\t\t<div class=\"e-con-inner\">\n\t\t<div class=\"elementor-element elementor-element-c11d677 e-con-full e-flex e-con e-child\" data-id=\"c11d677\" data-element_type=\"container\" data-settings=\"{&quot;_ha_eqh_enable&quot;:false}\">\n\t\t<div class=\"elementor-element elementor-element-2def13c e-con-full e-flex e-con e-child\" data-id=\"2def13c\" data-element_type=\"container\" data-settings=\"{&quot;_ha_eqh_enable&quot;:false}\">\n\t\t\t\t<div class=\"elementor-element elementor-element-da1b146 elementor-invisible elementor-widget elementor-widget-heading\" data-id=\"da1b146\" data-element_type=\"widget\" data-settings=\"{&quot;_animation&quot;:&quot;zoomIn&quot;}\" data-widget_type=\"heading.default\">\n\t\t\t\t<div class=\"elementor-widget-container\">\n\t\t\t\t\t<h1 class=\"elementor-heading-title elementor-size-default\">Servicios <\/h1>\t\t\t\t<\/div>\n\t\t\t\t<\/div>\n\t\t\t\t<\/div>\n\t\t\t\t<\/div>\n\t\t\t\t\t<\/div>\n\t\t\t\t<\/div>\n\t\t<div class=\"elementor-element elementor-element-c11eac9 e-flex e-con-boxed e-con e-parent\" data-id=\"c11eac9\" data-element_type=\"container\" data-settings=\"{&quot;_ha_eqh_enable&quot;:false}\">\n\t\t\t\t\t<div class=\"e-con-inner\">\n\t\t<div class=\"elementor-element elementor-element-daf961d e-con-full e-flex e-con e-child\" data-id=\"daf961d\" data-element_type=\"container\" data-settings=\"{&quot;_ha_eqh_enable&quot;:false}\">\n\t\t\t\t<div class=\"elementor-element elementor-element-2730206 elementor-widget elementor-widget-image\" data-id=\"2730206\" data-element_type=\"widget\" data-widget_type=\"image.default\">\n\t\t\t\t<div class=\"elementor-widget-container\">\n\t\t\t\t\t\t\t\t\t\t\t\t\t\t\t<img fetchpriority=\"high\" decoding=\"async\" width=\"800\" height=\"481\" src=\"https:\/\/solutionstechsolvinc.com\/wp-content\/uploads\/2024\/12\/Business-Growth.jpg\" class=\"attachment-large size-large wp-image-716\" alt=\"\" srcset=\"https:\/\/solutionstechsolvinc.com\/wp-content\/uploads\/2024\/12\/Business-Growth.jpg 1000w, https:\/\/solutionstechsolvinc.com\/wp-content\/uploads\/2024\/12\/Business-Growth-300x180.jpg 300w, https:\/\/solutionstechsolvinc.com\/wp-content\/uploads\/2024\/12\/Business-Growth-768x462.jpg 768w, https:\/\/solutionstechsolvinc.com\/wp-content\/uploads\/2024\/12\/Business-Growth-18x12.jpg 18w\" sizes=\"(max-width: 800px) 100vw, 800px\" \/>\t\t\t\t\t\t\t\t\t\t\t\t\t\t\t<\/div>\n\t\t\t\t<\/div>\n\t\t\t\t<\/div>\n\t\t<div class=\"elementor-element elementor-element-1586495 e-con-full e-flex e-con e-child\" data-id=\"1586495\" data-element_type=\"container\" data-settings=\"{&quot;_ha_eqh_enable&quot;:false}\">\n\t\t\t\t<div class=\"elementor-element elementor-element-64e56e2 elementor-widget elementor-widget-heading\" data-id=\"64e56e2\" data-element_type=\"widget\" data-widget_type=\"heading.default\">\n\t\t\t\t<div class=\"elementor-widget-container\">\n\t\t\t\t\t<h2 class=\"elementor-heading-title elementor-size-default\">Crecimiento del Negocio.<\/h2>\t\t\t\t<\/div>\n\t\t\t\t<\/div>\n\t\t\t\t<div class=\"elementor-element elementor-element-c21bef6 elementor-widget elementor-widget-text-editor\" data-id=\"c21bef6\" data-element_type=\"widget\" data-widget_type=\"text-editor.default\">\n\t\t\t\t<div class=\"elementor-widget-container\">\n\t\t\t\t\t\t\t\t\t<p>En Solutions TechSolv Inc, ofrecemos una gama completa de servicios dise\u00f1ados para transformar y optimizar su atenci\u00f3n al cliente. Nuestras soluciones est\u00e1n adaptadas para satisfacer las necesidades \u00fanicas de su empresa, impulsando la satisfacci\u00f3n del cliente y el crecimiento del negocio.<\/p>\t\t\t\t\t\t\t\t<\/div>\n\t\t\t\t<\/div>\n\t\t\t\t<\/div>\n\t\t\t\t\t<\/div>\n\t\t\t\t<\/div>\n\t\t<div class=\"elementor-element elementor-element-cf18bf5 e-flex e-con-boxed e-con e-parent\" data-id=\"cf18bf5\" data-element_type=\"container\" data-settings=\"{&quot;background_background&quot;:&quot;classic&quot;,&quot;_ha_eqh_enable&quot;:false}\">\n\t\t\t\t\t<div class=\"e-con-inner\">\n\t\t<div class=\"elementor-element elementor-element-0e7e88e e-con-full e-flex e-con e-child\" data-id=\"0e7e88e\" data-element_type=\"container\" data-settings=\"{&quot;_ha_eqh_enable&quot;:false}\">\n\t\t<div class=\"elementor-element elementor-element-abdb58d e-con-full e-flex e-con e-child\" data-id=\"abdb58d\" data-element_type=\"container\" data-settings=\"{&quot;_ha_eqh_enable&quot;:false}\">\n\t\t<div class=\"elementor-element elementor-element-1597f76 e-con-full e-flex e-con e-child\" data-id=\"1597f76\" data-element_type=\"container\" data-settings=\"{&quot;_ha_eqh_enable&quot;:false}\">\n\t\t\t\t<div class=\"elementor-element elementor-element-7bae118 elementor-widget elementor-widget-heading\" data-id=\"7bae118\" data-element_type=\"widget\" data-widget_type=\"heading.default\">\n\t\t\t\t<div class=\"elementor-widget-container\">\n\t\t\t\t\t<h2 class=\"elementor-heading-title elementor-size-default\">Consultor\u00eda y Coaching en Servicio al Cliente<\/h2>\t\t\t\t<\/div>\n\t\t\t\t<\/div>\n\t\t\t\t<div class=\"elementor-element elementor-element-ec0b7d0 elementor-widget elementor-widget-text-editor\" data-id=\"ec0b7d0\" data-element_type=\"widget\" data-widget_type=\"text-editor.default\">\n\t\t\t\t<div class=\"elementor-widget-container\">\n\t\t\t\t\t\t\t\t\t<p>Nuestro servicio de consultor\u00eda y coaching est\u00e1 dise\u00f1ado para elevar sus est\u00e1ndares de atenci\u00f3n al cliente a niveles excepcionales.<\/p><p>Lo que ofrecemos:<\/p><ul><li>Evaluaci\u00f3n exhaustiva de sus procesos actuales de servicio al cliente<\/li><li>Desarrollo de estrategias personalizadas para mejorar la experiencia del cliente<\/li><li>Programas de capacitaci\u00f3n a medida para su equipo<\/li><li>Implementaci\u00f3n de mejores pr\u00e1cticas en la industria<\/li><li>Coaching continuo para l\u00edderes y equipos de primera l\u00ednea<\/li><\/ul><p>\u00a0<\/p><p>Beneficios:<\/p><ul><li>Aumento en la satisfacci\u00f3n y lealtad del cliente<\/li><li>Mejora en la eficiencia operativa<\/li><li>Reducci\u00f3n en el tiempo de resoluci\u00f3n de problemas<\/li><li>Incremento en las ventas y retenci\u00f3n de clientes<\/li><\/ul>\t\t\t\t\t\t\t\t<\/div>\n\t\t\t\t<\/div>\n\t\t\t\t<div class=\"elementor-element elementor-element-394fccf elementor-align-center elementor-mobile-align-justify elementor-widget elementor-widget-button\" data-id=\"394fccf\" data-element_type=\"widget\" data-widget_type=\"button.default\">\n\t\t\t\t<div class=\"elementor-widget-container\">\n\t\t\t\t\t\t\t\t\t<div class=\"elementor-button-wrapper\">\n\t\t\t\t\t<a class=\"elementor-button elementor-button-link elementor-size-sm\" href=\"https:\/\/solutionstechsolvinc.com\/es\/?page_id=174\">\n\t\t\t\t\t\t<span class=\"elementor-button-content-wrapper\">\n\t\t\t\t\t\t\t\t\t<span class=\"elementor-button-text\">M\u00e1s informaci\u00f3n  <\/span>\n\t\t\t\t\t<\/span>\n\t\t\t\t\t<\/a>\n\t\t\t\t<\/div>\n\t\t\t\t\t\t\t\t<\/div>\n\t\t\t\t<\/div>\n\t\t\t\t<\/div>\n\t\t<div class=\"elementor-element elementor-element-cac59cb e-con-full e-flex e-con e-child\" data-id=\"cac59cb\" data-element_type=\"container\" data-settings=\"{&quot;_ha_eqh_enable&quot;:false}\">\n\t\t\t\t<div class=\"elementor-element elementor-element-6dc8ac9 elementor-widget elementor-widget-heading\" data-id=\"6dc8ac9\" data-element_type=\"widget\" data-widget_type=\"heading.default\">\n\t\t\t\t<div class=\"elementor-widget-container\">\n\t\t\t\t\t<h2 class=\"elementor-heading-title elementor-size-default\">Agencia de Gesti\u00f3n de Call Centers<\/h2>\t\t\t\t<\/div>\n\t\t\t\t<\/div>\n\t\t\t\t<div class=\"elementor-element elementor-element-47e5bfc elementor-widget elementor-widget-text-editor\" data-id=\"47e5bfc\" data-element_type=\"widget\" data-widget_type=\"text-editor.default\">\n\t\t\t\t<div class=\"elementor-widget-container\">\n\t\t\t\t\t\t\t\t\t<p>Optimizamos sus operaciones de call center para ofrecer una experiencia de cliente superior y eficiente.<\/p><p>Lo que ofrecemos:<\/p><ul><li>Dise\u00f1o e implementaci\u00f3n de procesos de call center eficientes<\/li><li>Soluciones de tecnolog\u00eda avanzada para la gesti\u00f3n de llamadas<\/li><li>Capacitaci\u00f3n especializada para agentes de call center<\/li><li>An\u00e1lisis de datos y reportes para una mejora continua<\/li><li>Servicios de outsourcing de call center<\/li><\/ul><p>\u00a0<\/p><p>Beneficios:<\/p><ul><li>Reducci\u00f3n en los tiempos de espera y manejo de llamadas<\/li><li>Mejora en la calidad de las interacciones con los clientes<\/li><li>Aumento en la productividad de los agentes<\/li><li>Optimizaci\u00f3n de costos operativos<\/li><\/ul>\t\t\t\t\t\t\t\t<\/div>\n\t\t\t\t<\/div>\n\t\t\t\t<div class=\"elementor-element elementor-element-53a95e3 elementor-align-center elementor-mobile-align-justify elementor-widget elementor-widget-button\" data-id=\"53a95e3\" data-element_type=\"widget\" data-widget_type=\"button.default\">\n\t\t\t\t<div class=\"elementor-widget-container\">\n\t\t\t\t\t\t\t\t\t<div class=\"elementor-button-wrapper\">\n\t\t\t\t\t<a class=\"elementor-button elementor-button-link elementor-size-sm\" href=\"https:\/\/solutionstechsolvinc.com\/es\/?page_id=174\">\n\t\t\t\t\t\t<span class=\"elementor-button-content-wrapper\">\n\t\t\t\t\t\t\t\t\t<span class=\"elementor-button-text\">M\u00e1s informaci\u00f3n  <\/span>\n\t\t\t\t\t<\/span>\n\t\t\t\t\t<\/a>\n\t\t\t\t<\/div>\n\t\t\t\t\t\t\t\t<\/div>\n\t\t\t\t<\/div>\n\t\t\t\t<\/div>\n\t\t\t\t<\/div>\n\t\t\t\t<\/div>\n\t\t\t\t\t<\/div>\n\t\t\t\t<\/div>\n\t\t<div class=\"elementor-element elementor-element-5c11bce e-flex e-con-boxed e-con e-parent\" data-id=\"5c11bce\" data-element_type=\"container\" data-settings=\"{&quot;background_background&quot;:&quot;classic&quot;,&quot;_ha_eqh_enable&quot;:false}\">\n\t\t\t\t\t<div class=\"e-con-inner\">\n\t\t<div class=\"elementor-element elementor-element-27f5f51 e-con-full e-flex e-con e-child\" data-id=\"27f5f51\" data-element_type=\"container\" data-settings=\"{&quot;_ha_eqh_enable&quot;:false}\">\n\t\t<div class=\"elementor-element elementor-element-056638f e-con-full e-flex e-con e-child\" data-id=\"056638f\" data-element_type=\"container\" data-settings=\"{&quot;_ha_eqh_enable&quot;:false}\">\n\t\t<div class=\"elementor-element elementor-element-d36919e e-con-full e-flex e-con e-child\" data-id=\"d36919e\" data-element_type=\"container\" data-settings=\"{&quot;_ha_eqh_enable&quot;:false}\">\n\t\t\t\t<div class=\"elementor-element elementor-element-335a6bc elementor-widget elementor-widget-heading\" data-id=\"335a6bc\" data-element_type=\"widget\" data-widget_type=\"heading.default\">\n\t\t\t\t<div class=\"elementor-widget-container\">\n\t\t\t\t\t<h2 class=\"elementor-heading-title elementor-size-default\">Empresa de Soporte T\u00e9cnico Especializado<\/h2>\t\t\t\t<\/div>\n\t\t\t\t<\/div>\n\t\t\t\t<div class=\"elementor-element elementor-element-921964e elementor-widget elementor-widget-text-editor\" data-id=\"921964e\" data-element_type=\"widget\" data-widget_type=\"text-editor.default\">\n\t\t\t\t<div class=\"elementor-widget-container\">\n\t\t\t\t\t\t\t\t\t<p>Brindamos soporte t\u00e9cnico de alta calidad para sus aplicaciones m\u00f3viles y plataformas en l\u00ednea.<\/p><p>Lo que ofrecemos:<\/p><ul><li>Soporte t\u00e9cnico multicanal (tel\u00e9fono, chat, email)<\/li><li>Resoluci\u00f3n r\u00e1pida y eficiente de problemas t\u00e9cnicos<\/li><li>Documentaci\u00f3n t\u00e9cnica y bases de conocimiento<\/li><li>Monitoreo proactivo y mantenimiento preventivo<\/li><li>Escalamiento y gesti\u00f3n de incidentes complejos<\/li><\/ul><p>\u00a0<\/p><p>Beneficios:<\/p><ul><li>Aumento en la satisfacci\u00f3n del usuario final<\/li><li>Reducci\u00f3n en el tiempo de inactividad de sistemas<\/li><li>Mejora en la retenci\u00f3n de clientes<\/li><li>Disminuci\u00f3n en la carga de trabajo del equipo interno de TI<\/li><\/ul>\t\t\t\t\t\t\t\t<\/div>\n\t\t\t\t<\/div>\n\t\t\t\t<div class=\"elementor-element elementor-element-dfb19ef elementor-align-center elementor-mobile-align-justify elementor-widget elementor-widget-button\" data-id=\"dfb19ef\" data-element_type=\"widget\" data-widget_type=\"button.default\">\n\t\t\t\t<div class=\"elementor-widget-container\">\n\t\t\t\t\t\t\t\t\t<div class=\"elementor-button-wrapper\">\n\t\t\t\t\t<a class=\"elementor-button elementor-button-link elementor-size-sm\" href=\"https:\/\/solutionstechsolvinc.com\/es\/?page_id=174\">\n\t\t\t\t\t\t<span class=\"elementor-button-content-wrapper\">\n\t\t\t\t\t\t\t\t\t<span class=\"elementor-button-text\">M\u00e1s informaci\u00f3n  <\/span>\n\t\t\t\t\t<\/span>\n\t\t\t\t\t<\/a>\n\t\t\t\t<\/div>\n\t\t\t\t\t\t\t\t<\/div>\n\t\t\t\t<\/div>\n\t\t\t\t<\/div>\n\t\t<div class=\"elementor-element elementor-element-5e32b62 e-con-full e-flex e-con e-child\" data-id=\"5e32b62\" data-element_type=\"container\" data-settings=\"{&quot;_ha_eqh_enable&quot;:false}\">\n\t\t\t\t<div class=\"elementor-element elementor-element-bd21d67 elementor-widget elementor-widget-heading\" data-id=\"bd21d67\" data-element_type=\"widget\" data-widget_type=\"heading.default\">\n\t\t\t\t<div class=\"elementor-widget-container\">\n\t\t\t\t\t<h2 class=\"elementor-heading-title elementor-size-default\">Agencia de Resoluci\u00f3n de Problemas<\/h2>\t\t\t\t<\/div>\n\t\t\t\t<\/div>\n\t\t\t\t<div class=\"elementor-element elementor-element-3aae41b elementor-widget elementor-widget-text-editor\" data-id=\"3aae41b\" data-element_type=\"widget\" data-widget_type=\"text-editor.default\">\n\t\t\t\t<div class=\"elementor-widget-container\">\n\t\t\t\t\t\t\t\t\t<p>Nos especializamos en mediar y resolver eficazmente los desaf\u00edos entre su empresa y sus clientes.<\/p><p>Lo que ofrecemos:<\/p><ul><li>Gesti\u00f3n de quejas y reclamaciones de clientes<\/li><li>Mediaci\u00f3n en disputas complejas<\/li><li>Desarrollo de pol\u00edticas y procedimientos de resoluci\u00f3n de problemas<\/li><li>An\u00e1lisis de causas ra\u00edz para prevenir problemas recurrentes<\/li><li>Capacitaci\u00f3n en t\u00e9cnicas de negociaci\u00f3n y resoluci\u00f3n de conflictos<\/li><\/ul><p>Beneficios:<\/p><ul><li>Mejora en la satisfacci\u00f3n del cliente incluso en situaciones dif\u00edciles<\/li><li>Reducci\u00f3n en el n\u00famero de escalaciones y quejas formales<\/li><li>Fortalecimiento de la reputaci\u00f3n de la marca<\/li><li>Identificaci\u00f3n de oportunidades de mejora en productos y servicios<\/li><\/ul>\t\t\t\t\t\t\t\t<\/div>\n\t\t\t\t<\/div>\n\t\t\t\t<div class=\"elementor-element elementor-element-edfd72d elementor-align-center elementor-mobile-align-justify elementor-widget elementor-widget-button\" data-id=\"edfd72d\" data-element_type=\"widget\" data-widget_type=\"button.default\">\n\t\t\t\t<div class=\"elementor-widget-container\">\n\t\t\t\t\t\t\t\t\t<div class=\"elementor-button-wrapper\">\n\t\t\t\t\t<a class=\"elementor-button elementor-button-link elementor-size-sm\" href=\"https:\/\/solutionstechsolvinc.com\/es\/?page_id=174\">\n\t\t\t\t\t\t<span class=\"elementor-button-content-wrapper\">\n\t\t\t\t\t\t\t\t\t<span class=\"elementor-button-text\">M\u00e1s informaci\u00f3n  <\/span>\n\t\t\t\t\t<\/span>\n\t\t\t\t\t<\/a>\n\t\t\t\t<\/div>\n\t\t\t\t\t\t\t\t<\/div>\n\t\t\t\t<\/div>\n\t\t\t\t<\/div>\n\t\t\t\t<\/div>\n\t\t\t\t<\/div>\n\t\t\t\t\t<\/div>\n\t\t\t\t<\/div>\n\t\t<div class=\"elementor-element elementor-element-12c505d e-flex e-con-boxed e-con e-parent\" data-id=\"12c505d\" data-element_type=\"container\" data-settings=\"{&quot;background_background&quot;:&quot;classic&quot;,&quot;_ha_eqh_enable&quot;:false}\">\n\t\t\t\t\t<div class=\"e-con-inner\">\n\t\t<div class=\"elementor-element elementor-element-eb047a5 e-con-full e-flex e-con e-child\" data-id=\"eb047a5\" data-element_type=\"container\" data-settings=\"{&quot;_ha_eqh_enable&quot;:false}\">\n\t\t<div class=\"elementor-element elementor-element-5901cf4 e-con-full e-flex e-con e-child\" data-id=\"5901cf4\" data-element_type=\"container\" data-settings=\"{&quot;_ha_eqh_enable&quot;:false}\">\n\t\t<div class=\"elementor-element elementor-element-9b7fc65 e-con-full e-flex e-con e-child\" data-id=\"9b7fc65\" data-element_type=\"container\" data-settings=\"{&quot;_ha_eqh_enable&quot;:false}\">\n\t\t\t\t<div class=\"elementor-element elementor-element-d6e1f42 elementor-widget elementor-widget-heading\" data-id=\"d6e1f42\" data-element_type=\"widget\" data-widget_type=\"heading.default\">\n\t\t\t\t<div class=\"elementor-widget-container\">\n\t\t\t\t\t<h2 class=\"elementor-heading-title elementor-size-default\">Desarrollo de Aplicaciones o Software de Gesti\u00f3n al Cliente<\/h2>\t\t\t\t<\/div>\n\t\t\t\t<\/div>\n\t\t\t\t<div class=\"elementor-element elementor-element-59127c2 elementor-widget elementor-widget-text-editor\" data-id=\"59127c2\" data-element_type=\"widget\" data-widget_type=\"text-editor.default\">\n\t\t\t\t<div class=\"elementor-widget-container\">\n\t\t\t\t\t\t\t\t\t<p>Creamos soluciones tecnol\u00f3gicas a medida para optimizar su gesti\u00f3n de clientes y mejorar la experiencia del usuario.<\/p><p>Lo que ofrecemos:<\/p><ul><li>Desarrollo de CRM personalizados<\/li><li>Creaci\u00f3n de aplicaciones m\u00f3viles para servicio al cliente<\/li><li>Implementaci\u00f3n de chatbots y asistentes virtuales<\/li><li>Integraci\u00f3n de sistemas de gesti\u00f3n de tickets<\/li><li>Desarrollo de dashboards y herramientas de an\u00e1lisis de datos<\/li><\/ul><p>\u00a0<\/p><p>Beneficios:<\/p><ul><li>Mejora en la eficiencia y productividad de los equipos de atenci\u00f3n al cliente<\/li><li>Acceso a informaci\u00f3n en tiempo real para toma de decisiones<\/li><li>Personalizaci\u00f3n de la experiencia del cliente<\/li><li>Automatizaci\u00f3n de procesos repetitivos<\/li><li>Escalabilidad para adaptarse al crecimiento del negocio<\/li><\/ul>\t\t\t\t\t\t\t\t<\/div>\n\t\t\t\t<\/div>\n\t\t\t\t<div class=\"elementor-element elementor-element-0fd04f0 elementor-align-center elementor-mobile-align-justify elementor-widget elementor-widget-button\" data-id=\"0fd04f0\" data-element_type=\"widget\" data-widget_type=\"button.default\">\n\t\t\t\t<div class=\"elementor-widget-container\">\n\t\t\t\t\t\t\t\t\t<div class=\"elementor-button-wrapper\">\n\t\t\t\t\t<a class=\"elementor-button elementor-button-link elementor-size-sm\" href=\"https:\/\/solutionstechsolvinc.com\/es\/?page_id=174\">\n\t\t\t\t\t\t<span class=\"elementor-button-content-wrapper\">\n\t\t\t\t\t\t\t\t\t<span class=\"elementor-button-text\">M\u00e1s informaci\u00f3n  <\/span>\n\t\t\t\t\t<\/span>\n\t\t\t\t\t<\/a>\n\t\t\t\t<\/div>\n\t\t\t\t\t\t\t\t<\/div>\n\t\t\t\t<\/div>\n\t\t\t\t<\/div>\n\t\t\t\t<\/div>\n\t\t\t\t<\/div>\n\t\t\t\t\t<\/div>\n\t\t\t\t<\/div>\n\t\t<div class=\"elementor-element elementor-element-a326b2b e-flex e-con-boxed e-con e-parent\" data-id=\"a326b2b\" data-element_type=\"container\" data-settings=\"{&quot;_ha_eqh_enable&quot;:false}\">\n\t\t\t\t\t<div class=\"e-con-inner\">\n\t\t<div class=\"elementor-element elementor-element-b38c131 e-con-full e-flex e-con e-child\" data-id=\"b38c131\" data-element_type=\"container\" data-settings=\"{&quot;_ha_eqh_enable&quot;:false}\">\n\t\t\t\t<div class=\"elementor-element elementor-element-54f3f44 elementor-widget elementor-widget-text-editor\" data-id=\"54f3f44\" data-element_type=\"widget\" data-widget_type=\"text-editor.default\">\n\t\t\t\t<div class=\"elementor-widget-container\">\n\t\t\t\t\t\t\t\t\t<p>En Solutions TechSolv Inc, estamos comprometidos con su \u00e9xito. Nuestros servicios est\u00e1n dise\u00f1ados para trabajar de manera sin\u00e9rgica, proporcion\u00e1ndole una soluci\u00f3n integral para todas sus necesidades de servicio al cliente. Ya sea que necesite mejorar un aspecto espec\u00edfico de su atenci\u00f3n al cliente o realizar una transformaci\u00f3n completa, estamos aqu\u00ed para guiarle en cada paso del camino.<\/p><p>Perm\u00edtanos ayudarle a elevar su servicio al cliente a nuevas alturas. Cont\u00e1ctenos hoy para descubrir c\u00f3mo podemos personalizar nuestros servicios para satisfacer las necesidades \u00fanicas de su empresa.<\/p>\t\t\t\t\t\t\t\t<\/div>\n\t\t\t\t<\/div>\n\t\t\t\t<div class=\"elementor-element elementor-element-97323c7 elementor-align-center elementor-mobile-align-justify elementor-widget elementor-widget-button\" data-id=\"97323c7\" data-element_type=\"widget\" data-widget_type=\"button.default\">\n\t\t\t\t<div class=\"elementor-widget-container\">\n\t\t\t\t\t\t\t\t\t<div class=\"elementor-button-wrapper\">\n\t\t\t\t\t<a class=\"elementor-button elementor-button-link elementor-size-sm\" href=\"https:\/\/solutionstechsolvinc.com\/es\/?page_id=174\">\n\t\t\t\t\t\t<span class=\"elementor-button-content-wrapper\">\n\t\t\t\t\t\t\t\t\t<span class=\"elementor-button-text\">Hablemos hoy mismo   <\/span>\n\t\t\t\t\t<\/span>\n\t\t\t\t\t<\/a>\n\t\t\t\t<\/div>\n\t\t\t\t\t\t\t\t<\/div>\n\t\t\t\t<\/div>\n\t\t\t\t<\/div>\n\t\t\t\t\t<\/div>\n\t\t\t\t<\/div>\n\t\t\t\t<\/div>","protected":false},"excerpt":{"rendered":"<p>Services Business Growth. At TechSolv Solutions Inc, we offer a full range of services designed to transform and optimize your customer service. Our solutions are tailored to meet your company&#8217;s unique needs, driving customer satisfaction and business growth. Customer Service Consulting &amp; Coaching Our consulting and coaching service is designed to raise your standards of [&hellip;]<\/p>","protected":false},"author":1,"featured_media":0,"parent":0,"menu_order":0,"comment_status":"closed","ping_status":"closed","template":"elementor_header_footer","meta":{"footnotes":""},"class_list":["post-156","page","type-page","status-publish","hentry"],"_links":{"self":[{"href":"https:\/\/solutionstechsolvinc.com\/es\/wp-json\/wp\/v2\/pages\/156","targetHints":{"allow":["GET"]}}],"collection":[{"href":"https:\/\/solutionstechsolvinc.com\/es\/wp-json\/wp\/v2\/pages"}],"about":[{"href":"https:\/\/solutionstechsolvinc.com\/es\/wp-json\/wp\/v2\/types\/page"}],"author":[{"embeddable":true,"href":"https:\/\/solutionstechsolvinc.com\/es\/wp-json\/wp\/v2\/users\/1"}],"replies":[{"embeddable":true,"href":"https:\/\/solutionstechsolvinc.com\/es\/wp-json\/wp\/v2\/comments?post=156"}],"version-history":[{"count":64,"href":"https:\/\/solutionstechsolvinc.com\/es\/wp-json\/wp\/v2\/pages\/156\/revisions"}],"predecessor-version":[{"id":833,"href":"https:\/\/solutionstechsolvinc.com\/es\/wp-json\/wp\/v2\/pages\/156\/revisions\/833"}],"wp:attachment":[{"href":"https:\/\/solutionstechsolvinc.com\/es\/wp-json\/wp\/v2\/media?parent=156"}],"curies":[{"name":"wp","href":"https:\/\/api.w.org\/{rel}","templated":true}]}}