{"id":162,"date":"2024-12-15T20:02:53","date_gmt":"2024-12-15T20:02:53","guid":{"rendered":"https:\/\/solutionstechsolvinc.com\/?page_id=162"},"modified":"2024-12-20T03:25:09","modified_gmt":"2024-12-20T03:25:09","slug":"industries","status":"publish","type":"page","link":"https:\/\/solutionstechsolvinc.com\/es\/industries\/","title":{"rendered":"Industrias"},"content":{"rendered":"<div data-elementor-type=\"wp-page\" data-elementor-id=\"162\" class=\"elementor elementor-162\" data-elementor-settings=\"{&quot;ha_cmc_init_switcher&quot;:&quot;no&quot;}\" data-elementor-post-type=\"page\">\n\t\t\t\t<div class=\"elementor-element elementor-element-321b087 e-flex e-con-boxed e-con e-parent\" data-id=\"321b087\" data-element_type=\"container\" data-settings=\"{&quot;background_background&quot;:&quot;classic&quot;,&quot;_ha_eqh_enable&quot;:false}\">\n\t\t\t\t\t<div class=\"e-con-inner\">\n\t\t<div class=\"elementor-element elementor-element-0d6b4ba e-con-full e-flex e-con e-child\" data-id=\"0d6b4ba\" data-element_type=\"container\" data-settings=\"{&quot;_ha_eqh_enable&quot;:false}\">\n\t\t<div class=\"elementor-element elementor-element-bf0e430 e-con-full e-flex e-con e-child\" data-id=\"bf0e430\" data-element_type=\"container\" data-settings=\"{&quot;_ha_eqh_enable&quot;:false}\">\n\t\t\t\t<div class=\"elementor-element elementor-element-30e1f10 elementor-invisible elementor-widget elementor-widget-heading\" data-id=\"30e1f10\" data-element_type=\"widget\" data-settings=\"{&quot;_animation&quot;:&quot;zoomIn&quot;}\" data-widget_type=\"heading.default\">\n\t\t\t\t<div class=\"elementor-widget-container\">\n\t\t\t\t\t<h1 class=\"elementor-heading-title elementor-size-default\">Industrias<\/h1>\t\t\t\t<\/div>\n\t\t\t\t<\/div>\n\t\t\t\t<\/div>\n\t\t\t\t<\/div>\n\t\t\t\t\t<\/div>\n\t\t\t\t<\/div>\n\t\t<div class=\"elementor-element elementor-element-314eb40 e-flex e-con-boxed e-con e-parent\" data-id=\"314eb40\" data-element_type=\"container\" data-settings=\"{&quot;_ha_eqh_enable&quot;:false}\">\n\t\t\t\t\t<div class=\"e-con-inner\">\n\t\t<div class=\"elementor-element elementor-element-8a5d816 e-con-full e-flex e-con e-child\" data-id=\"8a5d816\" data-element_type=\"container\" data-settings=\"{&quot;_ha_eqh_enable&quot;:false}\">\n\t\t\t\t<div class=\"elementor-element elementor-element-4829ede elementor-widget elementor-widget-image\" data-id=\"4829ede\" data-element_type=\"widget\" data-widget_type=\"image.default\">\n\t\t\t\t<div class=\"elementor-widget-container\">\n\t\t\t\t\t\t\t\t\t\t\t\t\t\t\t<img fetchpriority=\"high\" decoding=\"async\" width=\"800\" height=\"608\" src=\"https:\/\/solutionstechsolvinc.com\/wp-content\/uploads\/2024\/12\/TechSolv-Solutions-Inc.jpg\" class=\"attachment-large size-large wp-image-743\" alt=\"\" srcset=\"https:\/\/solutionstechsolvinc.com\/wp-content\/uploads\/2024\/12\/TechSolv-Solutions-Inc.jpg 1000w, https:\/\/solutionstechsolvinc.com\/wp-content\/uploads\/2024\/12\/TechSolv-Solutions-Inc-300x228.jpg 300w, https:\/\/solutionstechsolvinc.com\/wp-content\/uploads\/2024\/12\/TechSolv-Solutions-Inc-768x584.jpg 768w, https:\/\/solutionstechsolvinc.com\/wp-content\/uploads\/2024\/12\/TechSolv-Solutions-Inc-16x12.jpg 16w\" sizes=\"(max-width: 800px) 100vw, 800px\" \/>\t\t\t\t\t\t\t\t\t\t\t\t\t\t\t<\/div>\n\t\t\t\t<\/div>\n\t\t\t\t<\/div>\n\t\t<div class=\"elementor-element elementor-element-168281a e-con-full e-flex e-con e-child\" data-id=\"168281a\" data-element_type=\"container\" data-settings=\"{&quot;_ha_eqh_enable&quot;:false}\">\n\t\t\t\t<div class=\"elementor-element elementor-element-ac3c5de elementor-widget elementor-widget-heading\" data-id=\"ac3c5de\" data-element_type=\"widget\" data-widget_type=\"heading.default\">\n\t\t\t\t<div class=\"elementor-widget-container\">\n\t\t\t\t\t<h2 class=\"elementor-heading-title elementor-size-default\">TechSolv Solutions Inc<\/h2>\t\t\t\t<\/div>\n\t\t\t\t<\/div>\n\t\t\t\t<div class=\"elementor-element elementor-element-96f4d65 elementor-widget elementor-widget-text-editor\" data-id=\"96f4d65\" data-element_type=\"widget\" data-widget_type=\"text-editor.default\">\n\t\t\t\t<div class=\"elementor-widget-container\">\n\t\t\t\t\t\t\t\t\t<p>En Solutions TechSolv Inc, entendemos que cada industria enfrenta desaf\u00edos \u00fanicos en la atenci\u00f3n al cliente. Nuestra experiencia abarca una amplia gama de sectores, permiti\u00e9ndonos ofrecer soluciones personalizadas que atienden las necesidades espec\u00edficas de cada industria.<\/p>\t\t\t\t\t\t\t\t<\/div>\n\t\t\t\t<\/div>\n\t\t\t\t<\/div>\n\t\t\t\t\t<\/div>\n\t\t\t\t<\/div>\n\t\t<div class=\"elementor-element elementor-element-f934c4a e-flex e-con-boxed e-con e-parent\" data-id=\"f934c4a\" data-element_type=\"container\" data-settings=\"{&quot;background_background&quot;:&quot;classic&quot;,&quot;_ha_eqh_enable&quot;:false}\">\n\t\t\t\t\t<div class=\"e-con-inner\">\n\t\t<div class=\"elementor-element elementor-element-fb0445a e-con-full e-flex e-con e-child\" data-id=\"fb0445a\" data-element_type=\"container\" data-settings=\"{&quot;_ha_eqh_enable&quot;:false}\">\n\t\t\t\t<div class=\"elementor-element elementor-element-e2f531c elementor-widget elementor-widget-heading\" data-id=\"e2f531c\" data-element_type=\"widget\" data-widget_type=\"heading.default\">\n\t\t\t\t<div class=\"elementor-widget-container\">\n\t\t\t\t\t<h2 class=\"elementor-heading-title elementor-size-default\">Sectores Atendidos<\/h2>\t\t\t\t<\/div>\n\t\t\t\t<\/div>\n\t\t\t\t<div class=\"elementor-element elementor-element-46b622b elementor-widget elementor-widget-text-editor\" data-id=\"46b622b\" data-element_type=\"widget\" data-widget_type=\"text-editor.default\">\n\t\t\t\t<div class=\"elementor-widget-container\">\n\t\t\t\t\t\t\t\t\t<p>Nuestros servicios de consultor\u00eda, gesti\u00f3n de call centers, soporte t\u00e9cnico, resoluci\u00f3n de problemas y desarrollo de software se adaptan a las siguientes industrias:<\/p>\t\t\t\t\t\t\t\t<\/div>\n\t\t\t\t<\/div>\n\t\t\t\t<\/div>\n\t\t\t\t\t<\/div>\n\t\t\t\t<\/div>\n\t\t<div class=\"elementor-element elementor-element-f662902 e-flex e-con-boxed e-con e-parent\" data-id=\"f662902\" data-element_type=\"container\" data-settings=\"{&quot;background_background&quot;:&quot;classic&quot;,&quot;_ha_eqh_enable&quot;:false}\">\n\t\t\t\t\t<div class=\"e-con-inner\">\n\t\t<div class=\"elementor-element elementor-element-6d64a47 e-con-full e-flex e-con e-child\" data-id=\"6d64a47\" data-element_type=\"container\" data-settings=\"{&quot;_ha_eqh_enable&quot;:false}\">\n\t\t\t\t<div class=\"elementor-element elementor-element-65483a8 elementor-widget elementor-widget-text-editor\" data-id=\"65483a8\" data-element_type=\"widget\" data-widget_type=\"text-editor.default\">\n\t\t\t\t<div class=\"elementor-widget-container\">\n\t\t\t\t\t\t\t\t\t<p><strong>1.\tTecnolog\u00eda y Software<\/strong><\/p><ul><li>Optimizaci\u00f3n de soporte t\u00e9cnico para productos SaaS<\/li><li>Gesti\u00f3n de actualizaciones y mantenimiento de software<\/li><li>Atenci\u00f3n al cliente para usuarios finales y empresas<\/li><\/ul><p>\u00a0<\/p><p><strong>2.\tComercio Minorista y E-commerce<\/strong><\/p><ul><li>Mejora de la experiencia de compra en l\u00ednea<\/li><li>Gesti\u00f3n de devoluciones y reclamaciones<\/li><li>Soporte multicanal para clientes<\/li><\/ul><p>\u00a0<\/p><p><strong>3.\tServicios Financieros y Banca<\/strong><\/p><ul><li>Atenci\u00f3n al cliente para banca en l\u00ednea y m\u00f3vil<\/li><li>Gesti\u00f3n de consultas sobre productos financieros<\/li><li>Resoluci\u00f3n de problemas de seguridad y fraude<\/li><\/ul><p>\u00a0<\/p><p><strong>4.\tSalud y Bienestar<\/strong><\/p><ul><li>Soporte para aplicaciones de salud y bienestar<\/li><li>Gesti\u00f3n de citas y seguimiento de pacientes<\/li><li>Atenci\u00f3n al cliente para dispositivos m\u00e9dicos<\/li><\/ul><p>\u00a0<\/p><p><strong>5.\tTurismo y Hospitalidad<\/strong><\/p><ul><li>Gesti\u00f3n de reservas y atenci\u00f3n al hu\u00e9sped<\/li><li>Resoluci\u00f3n de problemas de viaje<\/li><li>Soporte multiling\u00fce para clientes internacionales<\/li><\/ul><p>\u00a0<\/p><p><strong>6.\tTelecomunicaciones<\/strong><\/p><ul><li>Soporte t\u00e9cnico para servicios de internet y telefon\u00eda<\/li><li>Gesti\u00f3n de facturaci\u00f3n y consultas de clientes<\/li><li>Resoluci\u00f3n de problemas de conectividad<\/li><\/ul><p>\u00a0<\/p><p><strong>7.\tManufactura y Log\u00edstica<\/strong><\/p><ul><li>Seguimiento de pedidos y gesti\u00f3n de env\u00edos<\/li><li>Soporte postventa para productos manufacturados<\/li><li>Gesti\u00f3n de la cadena de suministro y atenci\u00f3n al cliente<\/li><\/ul>\t\t\t\t\t\t\t\t<\/div>\n\t\t\t\t<\/div>\n\t\t\t\t<\/div>\n\t\t<div class=\"elementor-element elementor-element-e00b699 e-con-full e-flex e-con e-child\" data-id=\"e00b699\" data-element_type=\"container\" data-settings=\"{&quot;_ha_eqh_enable&quot;:false}\">\n\t\t\t\t<\/div>\n\t\t\t\t\t<\/div>\n\t\t\t\t<\/div>\n\t\t<div class=\"elementor-element elementor-element-0e470b7 e-flex e-con-boxed e-con e-parent\" data-id=\"0e470b7\" data-element_type=\"container\" data-settings=\"{&quot;background_background&quot;:&quot;classic&quot;,&quot;_ha_eqh_enable&quot;:false}\">\n\t\t\t\t\t<div class=\"e-con-inner\">\n\t\t<div class=\"elementor-element elementor-element-b8c7b52 e-con-full e-flex e-con e-child\" data-id=\"b8c7b52\" data-element_type=\"container\" data-settings=\"{&quot;_ha_eqh_enable&quot;:false}\">\n\t\t\t\t<div class=\"elementor-element elementor-element-65b7bba elementor-widget elementor-widget-heading\" data-id=\"65b7bba\" data-element_type=\"widget\" data-widget_type=\"heading.default\">\n\t\t\t\t<div class=\"elementor-widget-container\">\n\t\t\t\t\t<h2 class=\"elementor-heading-title elementor-size-default\">Soluciones Espec\u00edficas por Sector<\/h2>\t\t\t\t<\/div>\n\t\t\t\t<\/div>\n\t\t\t\t<div class=\"elementor-element elementor-element-50489b1 elementor-widget elementor-widget-text-editor\" data-id=\"50489b1\" data-element_type=\"widget\" data-widget_type=\"text-editor.default\">\n\t\t\t\t<div class=\"elementor-widget-container\">\n\t\t\t\t\t\t\t\t\t<p>Ofrecemos soluciones adaptadas a las necesidades \u00fanicas de cada industria:<\/p>\t\t\t\t\t\t\t\t<\/div>\n\t\t\t\t<\/div>\n\t\t\t\t<\/div>\n\t\t\t\t\t<\/div>\n\t\t\t\t<\/div>\n\t\t<div class=\"elementor-element elementor-element-4f6de72 e-flex e-con-boxed e-con e-parent\" data-id=\"4f6de72\" data-element_type=\"container\" data-settings=\"{&quot;background_background&quot;:&quot;classic&quot;,&quot;_ha_eqh_enable&quot;:false}\">\n\t\t\t\t\t<div class=\"e-con-inner\">\n\t\t<div class=\"elementor-element elementor-element-93330ca e-con-full e-flex e-con e-child\" data-id=\"93330ca\" data-element_type=\"container\" data-settings=\"{&quot;_ha_eqh_enable&quot;:false}\">\n\t\t\t\t<div class=\"elementor-element elementor-element-7047df5 elementor-widget elementor-widget-text-editor\" data-id=\"7047df5\" data-element_type=\"widget\" data-widget_type=\"text-editor.default\">\n\t\t\t\t<div class=\"elementor-widget-container\">\n\t\t\t\t\t\t\t\t\t<p><strong>1.\tTecnolog\u00eda y Software<\/strong><\/p><ul><li>Plataformas de autoservicio avanzadas<\/li><li>Sistemas de gesti\u00f3n de conocimiento para soporte t\u00e9cnico<\/li><li>Integraci\u00f3n de IA para diagn\u00f3stico y resoluci\u00f3n de problemas<\/li><\/ul><p>\u00a0<\/p><p><strong>2.\tComercio Minorista y E-commerce<\/strong><\/p><ul><li>Chatbots especializados en asistencia de compras<\/li><li>Sistemas de gesti\u00f3n de devoluciones automatizados<\/li><li>An\u00e1lisis predictivo para anticipar necesidades del cliente<\/li><\/ul><p>\u00a0<\/p><p><strong>3.\tServicios Financieros y Banca<\/strong><\/p><ul><li>Sistemas de verificaci\u00f3n de identidad seguros<\/li><li>Plataformas de asesoramiento financiero en l\u00ednea<\/li><li>Soluciones de cumplimiento normativo en atenci\u00f3n al cliente<\/li><\/ul><p>\u00a0<\/p><p><strong>4.\tSalud y Bienestar<\/strong><\/p><ul><li>Plataformas de telemedicina y seguimiento de pacientes<\/li><li>Sistemas de gesti\u00f3n de citas inteligentes<\/li><li>Soluciones de privacidad y seguridad de datos de salud<\/li><\/ul><p>\u00a0<\/p><p><strong>5.\tTurismo y Hospitalidad<\/strong><\/p><ul><li>Sistemas de gesti\u00f3n de experiencia del hu\u00e9sped<\/li><li>Plataformas de recomendaci\u00f3n personalizada de viajes<\/li><li>Soluciones multiling\u00fces para atenci\u00f3n al cliente global<\/li><\/ul><p>\u00a0<\/p><p><strong>6.\tTelecomunicaciones<\/strong><\/p><ul><li>Herramientas de diagn\u00f3stico remoto para problemas de red<\/li><li>Sistemas de gesti\u00f3n de facturaci\u00f3n y disputas<\/li><li>Plataformas de autoservicio para configuraci\u00f3n de dispositivos<\/li><\/ul><p>\u00a0<\/p><p><strong>7.\tManufactura y Log\u00edstica<\/strong><\/p><ul><li>Sistemas de seguimiento de pedidos en tiempo real<\/li><li>Plataformas de gesti\u00f3n de garant\u00edas y reparaciones<\/li><li>Soluciones de IoT para mantenimiento predictivo y soporte<\/li><\/ul>\t\t\t\t\t\t\t\t<\/div>\n\t\t\t\t<\/div>\n\t\t\t\t<\/div>\n\t\t<div class=\"elementor-element elementor-element-22d2078 e-con-full e-flex e-con e-child\" data-id=\"22d2078\" data-element_type=\"container\" data-settings=\"{&quot;_ha_eqh_enable&quot;:false}\">\n\t\t\t\t<\/div>\n\t\t\t\t\t<\/div>\n\t\t\t\t<\/div>\n\t\t<div class=\"elementor-element elementor-element-73425ec e-flex e-con-boxed e-con e-parent\" data-id=\"73425ec\" data-element_type=\"container\" data-settings=\"{&quot;background_background&quot;:&quot;classic&quot;,&quot;_ha_eqh_enable&quot;:false}\">\n\t\t\t\t\t<div class=\"e-con-inner\">\n\t\t<div class=\"elementor-element elementor-element-019e5a5 e-con-full e-flex e-con e-child\" data-id=\"019e5a5\" data-element_type=\"container\" data-settings=\"{&quot;_ha_eqh_enable&quot;:false}\">\n\t\t\t\t<div class=\"elementor-element elementor-element-b04a5b8 elementor-widget elementor-widget-text-editor\" data-id=\"b04a5b8\" data-element_type=\"widget\" data-widget_type=\"text-editor.default\">\n\t\t\t\t<div class=\"elementor-widget-container\">\n\t\t\t\t\t\t\t\t\t<p>En Solutions TechSolv Inc, nos comprometemos a entender las particularidades de su industria y a ofrecer soluciones que no solo resuelvan sus desaf\u00edos actuales, sino que tambi\u00e9n lo preparen para el futuro. Perm\u00edtanos ayudarle a transformar su servicio al cliente en una ventaja competitiva en su sector.<\/p><p>Nuestro enfoque personalizado garantiza que cada soluci\u00f3n se ajuste perfectamente a las demandas espec\u00edficas de su industria, mejorando la eficiencia operativa y la satisfacci\u00f3n del cliente. Ya sea que su empresa opere en un sector altamente regulado como los servicios financieros, o en un entorno din\u00e1mico como el comercio electr\u00f3nico, tenemos la experiencia y las herramientas para impulsar su \u00e9xito.<\/p><p>Cont\u00e1ctenos  hoy para descubrir c\u00f3mo podemos adaptar nuestras soluciones a las necesidades \u00fanicas de su industria y ayudarle a destacar en un mercado cada vez m\u00e1s competitivo.<\/p>\t\t\t\t\t\t\t\t<\/div>\n\t\t\t\t<\/div>\n\t\t\t\t<div class=\"elementor-element elementor-element-0821417 elementor-align-center elementor-mobile-align-justify elementor-widget elementor-widget-button\" data-id=\"0821417\" data-element_type=\"widget\" data-widget_type=\"button.default\">\n\t\t\t\t<div class=\"elementor-widget-container\">\n\t\t\t\t\t\t\t\t\t<div class=\"elementor-button-wrapper\">\n\t\t\t\t\t<a class=\"elementor-button elementor-button-link elementor-size-sm\" href=\"https:\/\/solutionstechsolvinc.com\/es\/?page_id=174\">\n\t\t\t\t\t\t<span class=\"elementor-button-content-wrapper\">\n\t\t\t\t\t\t\t\t\t<span class=\"elementor-button-text\">Contacto <\/span>\n\t\t\t\t\t<\/span>\n\t\t\t\t\t<\/a>\n\t\t\t\t<\/div>\n\t\t\t\t\t\t\t\t<\/div>\n\t\t\t\t<\/div>\n\t\t\t\t<\/div>\n\t\t\t\t\t<\/div>\n\t\t\t\t<\/div>\n\t\t\t\t<\/div>","protected":false},"excerpt":{"rendered":"<p>Industries TechSolv Solutions Inc At TechSolv Solutions Inc, we understand that every industry faces unique challenges in customer service. Our expertise spans a wide range of sectors, allowing us to offer customized solutions that address the specific needs of each industry. Sectors Served Our consulting, call center management, technical support, problem solving, and software development [&hellip;]<\/p>","protected":false},"author":1,"featured_media":0,"parent":0,"menu_order":0,"comment_status":"closed","ping_status":"closed","template":"elementor_header_footer","meta":{"footnotes":""},"class_list":["post-162","page","type-page","status-publish","hentry"],"_links":{"self":[{"href":"https:\/\/solutionstechsolvinc.com\/es\/wp-json\/wp\/v2\/pages\/162","targetHints":{"allow":["GET"]}}],"collection":[{"href":"https:\/\/solutionstechsolvinc.com\/es\/wp-json\/wp\/v2\/pages"}],"about":[{"href":"https:\/\/solutionstechsolvinc.com\/es\/wp-json\/wp\/v2\/types\/page"}],"author":[{"embeddable":true,"href":"https:\/\/solutionstechsolvinc.com\/es\/wp-json\/wp\/v2\/users\/1"}],"replies":[{"embeddable":true,"href":"https:\/\/solutionstechsolvinc.com\/es\/wp-json\/wp\/v2\/comments?post=162"}],"version-history":[{"count":28,"href":"https:\/\/solutionstechsolvinc.com\/es\/wp-json\/wp\/v2\/pages\/162\/revisions"}],"predecessor-version":[{"id":836,"href":"https:\/\/solutionstechsolvinc.com\/es\/wp-json\/wp\/v2\/pages\/162\/revisions\/836"}],"wp:attachment":[{"href":"https:\/\/solutionstechsolvinc.com\/es\/wp-json\/wp\/v2\/media?parent=162"}],"curies":[{"name":"wp","href":"https:\/\/api.w.org\/{rel}","templated":true}]}}