{"id":212,"date":"2024-12-15T20:57:29","date_gmt":"2024-12-15T20:57:29","guid":{"rendered":"https:\/\/solutionstechsolvinc.com\/?page_id=212"},"modified":"2024-12-30T21:38:45","modified_gmt":"2024-12-30T21:38:45","slug":"employment","status":"publish","type":"page","link":"https:\/\/solutionstechsolvinc.com\/es\/employment\/","title":{"rendered":"Empleo"},"content":{"rendered":"<div data-elementor-type=\"wp-page\" data-elementor-id=\"212\" class=\"elementor elementor-212\" data-elementor-settings=\"{&quot;ha_cmc_init_switcher&quot;:&quot;no&quot;}\" data-elementor-post-type=\"page\">\n\t\t\t\t<div class=\"elementor-element elementor-element-c4c2cdf e-flex e-con-boxed e-con e-parent\" data-id=\"c4c2cdf\" data-element_type=\"container\" data-settings=\"{&quot;background_background&quot;:&quot;classic&quot;,&quot;_ha_eqh_enable&quot;:false}\">\n\t\t\t\t\t<div class=\"e-con-inner\">\n\t\t<div class=\"elementor-element elementor-element-3266c8d e-con-full e-flex e-con e-child\" data-id=\"3266c8d\" data-element_type=\"container\" data-settings=\"{&quot;_ha_eqh_enable&quot;:false}\">\n\t\t<div class=\"elementor-element elementor-element-e36f1a2 e-con-full e-flex e-con e-child\" data-id=\"e36f1a2\" data-element_type=\"container\" data-settings=\"{&quot;_ha_eqh_enable&quot;:false}\">\n\t\t\t\t<div class=\"elementor-element elementor-element-233d17e elementor-invisible elementor-widget elementor-widget-heading\" data-id=\"233d17e\" data-element_type=\"widget\" data-settings=\"{&quot;_animation&quot;:&quot;zoomIn&quot;}\" data-widget_type=\"heading.default\">\n\t\t\t\t<div class=\"elementor-widget-container\">\n\t\t\t\t\t<h1 class=\"elementor-heading-title elementor-size-default\">Empleo<\/h1>\t\t\t\t<\/div>\n\t\t\t\t<\/div>\n\t\t\t\t<\/div>\n\t\t\t\t<\/div>\n\t\t\t\t\t<\/div>\n\t\t\t\t<\/div>\n\t\t<div class=\"elementor-element elementor-element-310e2bd e-flex e-con-boxed e-con e-parent\" data-id=\"310e2bd\" data-element_type=\"container\" data-settings=\"{&quot;_ha_eqh_enable&quot;:false}\">\n\t\t\t\t\t<div class=\"e-con-inner\">\n\t\t<div class=\"elementor-element elementor-element-4f42f4d e-con-full e-flex e-con e-child\" data-id=\"4f42f4d\" data-element_type=\"container\" data-settings=\"{&quot;_ha_eqh_enable&quot;:false}\">\n\t\t\t\t<div class=\"elementor-element elementor-element-9a22f1c elementor-widget elementor-widget-image\" data-id=\"9a22f1c\" data-element_type=\"widget\" data-widget_type=\"image.default\">\n\t\t\t\t<div class=\"elementor-widget-container\">\n\t\t\t\t\t\t\t\t\t\t\t\t\t\t\t<img fetchpriority=\"high\" decoding=\"async\" width=\"800\" height=\"533\" src=\"https:\/\/solutionstechsolvinc.com\/wp-content\/uploads\/2024\/12\/Talent-and-Dedication-editado-1024x682.jpg\" class=\"attachment-large size-large wp-image-755\" alt=\"\" srcset=\"https:\/\/solutionstechsolvinc.com\/wp-content\/uploads\/2024\/12\/Talent-and-Dedication-editado-1024x682.jpg 1024w, https:\/\/solutionstechsolvinc.com\/wp-content\/uploads\/2024\/12\/Talent-and-Dedication-editado-300x200.jpg 300w, https:\/\/solutionstechsolvinc.com\/wp-content\/uploads\/2024\/12\/Talent-and-Dedication-editado-768x512.jpg 768w, https:\/\/solutionstechsolvinc.com\/wp-content\/uploads\/2024\/12\/Talent-and-Dedication-editado-1536x1024.jpg 1536w, https:\/\/solutionstechsolvinc.com\/wp-content\/uploads\/2024\/12\/Talent-and-Dedication-editado-18x12.jpg 18w, https:\/\/solutionstechsolvinc.com\/wp-content\/uploads\/2024\/12\/Talent-and-Dedication-editado.jpg 1700w\" sizes=\"(max-width: 800px) 100vw, 800px\" \/>\t\t\t\t\t\t\t\t\t\t\t\t\t\t\t<\/div>\n\t\t\t\t<\/div>\n\t\t\t\t<\/div>\n\t\t<div class=\"elementor-element elementor-element-1d591d9 e-con-full e-flex e-con e-child\" data-id=\"1d591d9\" data-element_type=\"container\" data-settings=\"{&quot;_ha_eqh_enable&quot;:false}\">\n\t\t\t\t<div class=\"elementor-element elementor-element-1ca5573 elementor-widget elementor-widget-heading\" data-id=\"1ca5573\" data-element_type=\"widget\" data-widget_type=\"heading.default\">\n\t\t\t\t<div class=\"elementor-widget-container\">\n\t\t\t\t\t<h2 class=\"elementor-heading-title elementor-size-default\">Talento y Dedicaci\u00f3n <\/h2>\t\t\t\t<\/div>\n\t\t\t\t<\/div>\n\t\t\t\t<div class=\"elementor-element elementor-element-e4c9fdc elementor-widget elementor-widget-text-editor\" data-id=\"e4c9fdc\" data-element_type=\"widget\" data-widget_type=\"text-editor.default\">\n\t\t\t\t<div class=\"elementor-widget-container\">\n\t\t\t\t\t\t\t\t\t<p>En Solutions TechSolv Inc, creemos que el \u00e9xito de nuestra empresa se basa en el talento y la dedicaci\u00f3n de nuestro equipo. Por ello, buscamos personas apasionadas, innovadoras y comprometidas con la excelencia para unirse a nosotros. Si est\u00e1 interesado en formar parte de un entorno din\u00e1mico donde se valora el crecimiento profesional y personal, lo invitamos a explorar nuestras \u00e1reas de empleo.<\/p>\t\t\t\t\t\t\t\t<\/div>\n\t\t\t\t<\/div>\n\t\t\t\t<\/div>\n\t\t\t\t\t<\/div>\n\t\t\t\t<\/div>\n\t\t<div class=\"elementor-element elementor-element-a677734 e-flex e-con-boxed e-con e-parent\" data-id=\"a677734\" data-element_type=\"container\" data-settings=\"{&quot;background_background&quot;:&quot;classic&quot;,&quot;_ha_eqh_enable&quot;:false}\">\n\t\t\t\t\t<div class=\"e-con-inner\">\n\t\t<div class=\"elementor-element elementor-element-5452ff8 e-con-full e-flex e-con e-child\" data-id=\"5452ff8\" data-element_type=\"container\" data-settings=\"{&quot;_ha_eqh_enable&quot;:false}\">\n\t\t\t\t<div class=\"elementor-element elementor-element-3a22639 elementor-widget elementor-widget-heading\" data-id=\"3a22639\" data-element_type=\"widget\" data-widget_type=\"heading.default\">\n\t\t\t\t<div class=\"elementor-widget-container\">\n\t\t\t\t\t<h2 class=\"elementor-heading-title elementor-size-default\">\u00c1reas de Empleo<\/h2>\t\t\t\t<\/div>\n\t\t\t\t<\/div>\n\t\t\t\t<div class=\"elementor-element elementor-element-15a396f elementor-widget elementor-widget-text-editor\" data-id=\"15a396f\" data-element_type=\"widget\" data-widget_type=\"text-editor.default\">\n\t\t\t\t<div class=\"elementor-widget-container\">\n\t\t\t\t\t\t\t\t\t<p>En Solutions TechSolv Inc, ofrecemos oportunidades de desarrollo profesional en diversas \u00e1reas clave de nuestro negocio:<\/p>\t\t\t\t\t\t\t\t<\/div>\n\t\t\t\t<\/div>\n\t\t\t\t<\/div>\n\t\t\t\t\t<\/div>\n\t\t\t\t<\/div>\n\t\t<div class=\"elementor-element elementor-element-3978d97 e-flex e-con-boxed e-con e-parent\" data-id=\"3978d97\" data-element_type=\"container\" data-settings=\"{&quot;background_background&quot;:&quot;classic&quot;,&quot;_ha_eqh_enable&quot;:false}\">\n\t\t\t\t\t<div class=\"e-con-inner\">\n\t\t<div class=\"elementor-element elementor-element-88cfa04 e-con-full e-flex e-con e-child\" data-id=\"88cfa04\" data-element_type=\"container\" data-settings=\"{&quot;_ha_eqh_enable&quot;:false}\">\n\t\t\t\t<div class=\"elementor-element elementor-element-43f145e elementor-widget elementor-widget-text-editor\" data-id=\"43f145e\" data-element_type=\"widget\" data-widget_type=\"text-editor.default\">\n\t\t\t\t<div class=\"elementor-widget-container\">\n\t\t\t\t\t\t\t\t\t<p><strong>1.\tConsultor\u00eda en Servicio al Cliente<\/strong><\/p><ul><li>Dise\u00f1o e implementaci\u00f3n de estrategias para mejorar la experiencia del cliente.<\/li><li>Colaboraci\u00f3n con equipos internos y externos para optimizar procesos.<\/li><li>An\u00e1lisis de datos y elaboraci\u00f3n de informes para la toma de decisiones.<\/li><\/ul><p>\u00a0<\/p><p><strong>2.\tSoporte T\u00e9cnico Especializado<\/strong><\/p><ul><li>Asistencia t\u00e9cnica a clientes en plataformas m\u00f3viles y en l\u00ednea.<\/li><li>Identificaci\u00f3n y resoluci\u00f3n eficiente de problemas t\u00e9cnicos.<\/li><li>Desarrollo de documentaci\u00f3n t\u00e9cnica y bases de conocimiento.<\/li><\/ul><p>\u00a0<\/p><p><strong>3.\tDesarrollo de Software<\/strong><\/p><ul><li>Creaci\u00f3n de herramientas tecnol\u00f3gicas personalizadas para la gesti\u00f3n del cliente.<\/li><li>Desarrollo de aplicaciones m\u00f3viles y plataformas web.<\/li><li>Implementaci\u00f3n de soluciones de inteligencia artificial y aprendizaje autom\u00e1tico.<\/li><\/ul><p>\u00a0<\/p><p><strong>4.\tGesti\u00f3n de Call Centers<\/strong><\/p><ul><li>Supervisi\u00f3n y optimizaci\u00f3n de operaciones de call center.<\/li><li>Implementaci\u00f3n de estrategias para mejorar la eficiencia y calidad del servicio.<\/li><li>An\u00e1lisis de m\u00e9tricas de rendimiento y satisfacci\u00f3n del cliente.<\/li><\/ul><p>\u00a0<\/p><p><strong>5.\tAn\u00e1lisis de Datos y Business Intelligence<\/strong><\/p><ul><li>Procesamiento y an\u00e1lisis de grandes vol\u00famenes de datos de clientes.<\/li><li>Desarrollo de modelos predictivos para mejorar la atenci\u00f3n al cliente.<\/li><li>Creaci\u00f3n de dashboards y reportes para la toma de decisiones estrat\u00e9gicas.<\/li><\/ul><p>\u00a0<\/p><p><strong>6.\tGesti\u00f3n de Proyectos<\/strong><\/p><ul><li>Coordinaci\u00f3n de proyectos de implementaci\u00f3n de soluciones de servicio al cliente.<\/li><li>Gesti\u00f3n de recursos, plazos y presupuestos.<\/li><li>Comunicaci\u00f3n con clientes y stakeholders internos.<\/li><\/ul>\t\t\t\t\t\t\t\t<\/div>\n\t\t\t\t<\/div>\n\t\t\t\t<\/div>\n\t\t<div class=\"elementor-element elementor-element-e299b85 e-con-full elementor-hidden-mobile e-flex e-con e-child\" data-id=\"e299b85\" data-element_type=\"container\" data-settings=\"{&quot;_ha_eqh_enable&quot;:false}\">\n\t\t\t\t<\/div>\n\t\t\t\t\t<\/div>\n\t\t\t\t<\/div>\n\t\t<div class=\"elementor-element elementor-element-eadc05f e-flex e-con-boxed e-con e-parent\" data-id=\"eadc05f\" data-element_type=\"container\" data-settings=\"{&quot;background_background&quot;:&quot;classic&quot;,&quot;_ha_eqh_enable&quot;:false}\">\n\t\t\t\t\t<div class=\"e-con-inner\">\n\t\t<div class=\"elementor-element elementor-element-0317c03 e-con-full e-flex e-con e-child\" data-id=\"0317c03\" data-element_type=\"container\" data-settings=\"{&quot;_ha_eqh_enable&quot;:false}\">\n\t\t\t\t<div class=\"elementor-element elementor-element-5901df8 elementor-widget elementor-widget-text-editor\" data-id=\"5901df8\" data-element_type=\"widget\" data-widget_type=\"text-editor.default\">\n\t\t\t\t<div class=\"elementor-widget-container\">\n\t\t\t\t\t\t\t\t\t<p>Si est\u00e1 interesado en alguna de estas \u00e1reas pero no ve una posici\u00f3n espec\u00edfica listada, le animamos a enviarnos su informaci\u00f3n para futuras oportunidades.<\/p>\t\t\t\t\t\t\t\t<\/div>\n\t\t\t\t<\/div>\n\t\t\t\t<\/div>\n\t\t\t\t\t<\/div>\n\t\t\t\t<\/div>\n\t\t<div class=\"elementor-element elementor-element-5a74623 e-flex e-con-boxed e-con e-parent\" data-id=\"5a74623\" data-element_type=\"container\" data-settings=\"{&quot;background_background&quot;:&quot;classic&quot;,&quot;_ha_eqh_enable&quot;:false}\">\n\t\t\t\t\t<div class=\"e-con-inner\">\n\t\t<div class=\"elementor-element elementor-element-483ae6b e-con-full e-flex e-con e-child\" data-id=\"483ae6b\" data-element_type=\"container\" data-settings=\"{&quot;_ha_eqh_enable&quot;:false}\">\n\t\t\t\t<div class=\"elementor-element elementor-element-d460834 elementor-widget elementor-widget-heading\" data-id=\"d460834\" data-element_type=\"widget\" data-widget_type=\"heading.default\">\n\t\t\t\t<div class=\"elementor-widget-container\">\n\t\t\t\t\t<h2 class=\"elementor-heading-title elementor-size-default\">Cultura de la Empresa<\/h2>\t\t\t\t<\/div>\n\t\t\t\t<\/div>\n\t\t\t\t<div class=\"elementor-element elementor-element-0b00b23 elementor-widget elementor-widget-text-editor\" data-id=\"0b00b23\" data-element_type=\"widget\" data-widget_type=\"text-editor.default\">\n\t\t\t\t<div class=\"elementor-widget-container\">\n\t\t\t\t\t\t\t\t\t<p>En Solutions TechSolv Inc, fomentamos una cultura basada en la colaboraci\u00f3n, el respeto mutuo y el desarrollo continuo. Creemos que un entorno laboral positivo impulsa la innovaci\u00f3n y el compromiso. Nos esforzamos por:<\/p><ul><li>Promover la diversidad e inclusi\u00f3n en todos los niveles.<\/li><li>Fomentar el aprendizaje continuo mediante programas de capacitaci\u00f3n.<\/li><li>Reconocer y recompensar los logros individuales y colectivos.<\/li><li>Crear un espacio donde cada miembro del equipo pueda crecer profesionalmente mientras contribuye al \u00e9xito de la empresa.<\/li><\/ul>\t\t\t\t\t\t\t\t<\/div>\n\t\t\t\t<\/div>\n\t\t\t\t<\/div>\n\t\t<div class=\"elementor-element elementor-element-3c07a56 e-con-full e-flex e-con e-child\" data-id=\"3c07a56\" data-element_type=\"container\" data-settings=\"{&quot;_ha_eqh_enable&quot;:false}\">\n\t\t\t\t<div class=\"elementor-element elementor-element-82d4c99 elementor-widget elementor-widget-heading\" data-id=\"82d4c99\" data-element_type=\"widget\" data-widget_type=\"heading.default\">\n\t\t\t\t<div class=\"elementor-widget-container\">\n\t\t\t\t\t<h2 class=\"elementor-heading-title elementor-size-default\">Proceso de Aplicaci\u00f3n<\/h2>\t\t\t\t<\/div>\n\t\t\t\t<\/div>\n\t\t\t\t<div class=\"elementor-element elementor-element-50836e6 elementor-widget elementor-widget-text-editor\" data-id=\"50836e6\" data-element_type=\"widget\" data-widget_type=\"text-editor.default\">\n\t\t\t\t<div class=\"elementor-widget-container\">\n\t\t\t\t\t\t\t\t\t<p>Nuestro proceso de aplicaci\u00f3n es sencillo y transparente:<\/p><ol><li>Env\u00edo de Solicitud: Complete el formulario de aplicaci\u00f3n disponible al final de esta p\u00e1gina.<\/li><li>Evaluaci\u00f3n Inicial: Revisaremos su solicitud para determinar si cumple con los requisitos del \u00e1rea de inter\u00e9s.<\/li><li>Entrevista: Si su perfil es seleccionado, nos pondremos en contacto para coordinar una entrevista virtual o presencial.<\/li><li>Evaluaci\u00f3n Final: Dependiendo del \u00e1rea, puede incluir una evaluaci\u00f3n t\u00e9cnica o pr\u00e1ctica.<\/li><li>Oferta Laboral: Si es seleccionado, recibir\u00e1 una oferta formal con todos los detalles del puesto.<\/li><\/ol>\t\t\t\t\t\t\t\t<\/div>\n\t\t\t\t<\/div>\n\t\t\t\t<\/div>\n\t\t\t\t\t<\/div>\n\t\t\t\t<\/div>\n\t\t<div class=\"elementor-element elementor-element-ed2e080 e-flex e-con-boxed e-con e-parent\" data-id=\"ed2e080\" data-element_type=\"container\" data-settings=\"{&quot;background_background&quot;:&quot;classic&quot;,&quot;_ha_eqh_enable&quot;:false}\">\n\t\t\t\t\t<div class=\"e-con-inner\">\n\t\t<div class=\"elementor-element elementor-element-b0b0708 e-con-full e-flex e-con e-child\" data-id=\"b0b0708\" data-element_type=\"container\" data-settings=\"{&quot;_ha_eqh_enable&quot;:false}\">\n\t\t\t\t<div class=\"elementor-element elementor-element-6e26006 elementor-widget elementor-widget-heading\" data-id=\"6e26006\" data-element_type=\"widget\" data-widget_type=\"heading.default\">\n\t\t\t\t<div class=\"elementor-widget-container\">\n\t\t\t\t\t<h2 class=\"elementor-heading-title elementor-size-default\">Beneficios para Empleados<\/h2>\t\t\t\t<\/div>\n\t\t\t\t<\/div>\n\t\t\t\t<div class=\"elementor-element elementor-element-c1f82a3 elementor-widget elementor-widget-text-editor\" data-id=\"c1f82a3\" data-element_type=\"widget\" data-widget_type=\"text-editor.default\">\n\t\t\t\t<div class=\"elementor-widget-container\">\n\t\t\t\t\t\t\t\t\t<p>En Solutions TechSolv Inc, valoramos a nuestro equipo y ofrecemos una variedad de beneficios dise\u00f1ados para apoyar su bienestar y desarrollo profesional:<\/p><ul><li>Crecimiento Profesional: Acceso a programas de capacitaci\u00f3n y desarrollo continuo.<\/li><li>Ambiente Colaborativo: Trabajo en equipo dentro de un entorno inclusivo y respetuoso.<\/li><li>Compensaci\u00f3n Competitiva: Salarios atractivos alineados con las responsabilidades del puesto.<\/li><li>Beneficios Adicionales: Planes de salud, incentivos por desempe\u00f1o y opciones flexibles seg\u00fan el rol.<\/li><\/ul>\t\t\t\t\t\t\t\t<\/div>\n\t\t\t\t<\/div>\n\t\t\t\t<\/div>\n\t\t<div class=\"elementor-element elementor-element-d08e7af e-con-full e-flex e-con e-child\" data-id=\"d08e7af\" data-element_type=\"container\" data-settings=\"{&quot;_ha_eqh_enable&quot;:false}\">\n\t\t\t\t<div class=\"elementor-element elementor-element-0f6b763 elementor-widget elementor-widget-heading\" data-id=\"0f6b763\" data-element_type=\"widget\" data-widget_type=\"heading.default\">\n\t\t\t\t<div class=\"elementor-widget-container\">\n\t\t\t\t\t<h2 class=\"elementor-heading-title elementor-size-default\">Formulario de Aplicaci\u00f3n<\/h2>\t\t\t\t<\/div>\n\t\t\t\t<\/div>\n\t\t\t\t<div class=\"elementor-element elementor-element-474c03b elementor-button-align-stretch elementor-widget elementor-widget-form\" data-id=\"474c03b\" data-element_type=\"widget\" data-settings=\"{&quot;step_next_label&quot;:&quot;Next&quot;,&quot;step_previous_label&quot;:&quot;Previous&quot;,&quot;button_width&quot;:&quot;100&quot;,&quot;step_type&quot;:&quot;number_text&quot;,&quot;step_icon_shape&quot;:&quot;circle&quot;}\" data-widget_type=\"form.default\">\n\t\t\t\t<div class=\"elementor-widget-container\">\n\t\t\t\t\t\t\t<form class=\"elementor-form\" method=\"post\" name=\"New Form\" aria-label=\"New Form\" action=\"\">\n\t\t\t<input type=\"hidden\" name=\"post_id\" value=\"212\"\/>\n\t\t\t<input type=\"hidden\" name=\"form_id\" value=\"474c03b\"\/>\n\t\t\t<input type=\"hidden\" name=\"referer_title\" value=\"Employment\" \/>\n\n\t\t\t\t\t\t\t<input type=\"hidden\" name=\"queried_id\" value=\"212\"\/>\n\t\t\t\n\t\t\t<div class=\"elementor-form-fields-wrapper elementor-labels-above\">\n\t\t\t\t\t\t\t\t<div class=\"elementor-field-type-text elementor-field-group elementor-column elementor-field-group-name elementor-col-50\">\n\t\t\t\t\t\t\t\t\t\t\t\t<label for=\"form-field-name\" class=\"elementor-field-label\">\n\t\t\t\t\t\t\t\tNombre\t\t\t\t\t\t\t<\/label>\n\t\t\t\t\t\t\t\t\t\t\t\t\t\t<input size=\"1\" type=\"text\" name=\"form_fields[name]\" id=\"form-field-name\" class=\"elementor-field elementor-size-sm  elementor-field-textual\">\n\t\t\t\t\t\t\t\t\t\t\t<\/div>\n\t\t\t\t\t\t\t\t<div class=\"elementor-field-type-email elementor-field-group elementor-column elementor-field-group-email elementor-col-50 elementor-field-required\">\n\t\t\t\t\t\t\t\t\t\t\t\t<label for=\"form-field-email\" class=\"elementor-field-label\">\n\t\t\t\t\t\t\t\tCorreo electr\u00f3nico\t\t\t\t\t\t\t<\/label>\n\t\t\t\t\t\t\t\t\t\t\t\t\t\t<input size=\"1\" type=\"email\" name=\"form_fields[email]\" id=\"form-field-email\" class=\"elementor-field elementor-size-sm  elementor-field-textual\" required=\"required\">\n\t\t\t\t\t\t\t\t\t\t\t<\/div>\n\t\t\t\t\t\t\t\t<div class=\"elementor-field-type-text elementor-field-group elementor-column elementor-field-group-field_c7680b6 elementor-col-100\">\n\t\t\t\t\t\t\t\t\t\t\t\t<label for=\"form-field-field_c7680b6\" class=\"elementor-field-label\">\n\t\t\t\t\t\t\t\tN\u00famero de tel\u00e9fono\t\t\t\t\t\t\t<\/label>\n\t\t\t\t\t\t\t\t\t\t\t\t\t\t<input size=\"1\" type=\"text\" name=\"form_fields[field_c7680b6]\" id=\"form-field-field_c7680b6\" class=\"elementor-field elementor-size-sm  elementor-field-textual\">\n\t\t\t\t\t\t\t\t\t\t\t<\/div>\n\t\t\t\t\t\t\t\t<div class=\"elementor-field-type-select elementor-field-group elementor-column elementor-field-group-field_913256f elementor-col-100\">\n\t\t\t\t\t\t\t\t\t\t\t\t<label for=\"form-field-field_913256f\" class=\"elementor-field-label\">\n\t\t\t\t\t\t\t\t\u00c1rea de inter\u00e9s\t\t\t\t\t\t\t<\/label>\n\t\t\t\t\t\t\t\t<div class=\"elementor-field elementor-select-wrapper remove-before\">\n\t\t\t<div class=\"select-caret-down-wrapper\">\n\t\t\t\t<svg aria-hidden=\"true\" class=\"e-font-icon-svg e-eicon-caret-down\" viewbox=\"0 0 571.4 571.4\" xmlns=\"http:\/\/www.w3.org\/2000\/svg\"><path d=\"M571 393Q571 407 561 418L311 668Q300 679 286 679T261 668L11 418Q0 407 0 393T11 368 36 357H536Q550 357 561 368T571 393Z\"><\/path><\/svg>\t\t\t<\/div>\n\t\t\t<select name=\"form_fields[field_913256f]\" id=\"form-field-field_913256f\" class=\"elementor-field-textual elementor-size-sm\">\n\t\t\t\t\t\t\t\t\t<option value=\"Select an option\">Seleccione una opci\u00f3n<\/option>\n\t\t\t\t\t\t\t\t\t<option value=\"Customer Service Consulting\">Consultor\u00eda de atenci\u00f3n al cliente<\/option>\n\t\t\t\t\t\t\t\t\t<option value=\"Specialized Technical Support\">Soporte T\u00e9cnico Especializado<\/option>\n\t\t\t\t\t\t\t\t\t<option value=\"Software Development\">Desarrollo de software<\/option>\n\t\t\t\t\t\t\t\t\t<option value=\"Call Center Management\">Gesti\u00f3n de Call Centers<\/option>\n\t\t\t\t\t\t\t\t\t<option value=\"Data Analysis and Business Intelligence\">An\u00e1lisis de datos e inteligencia empresarial<\/option>\n\t\t\t\t\t\t\t\t\t<option value=\"Project Management\">Gesti\u00f3n de proyectos<\/option>\n\t\t\t\t\t\t\t\t\t<option value=\"Other\">Otros<\/option>\n\t\t\t\t\t\t\t<\/select>\n\t\t<\/div>\n\t\t\t\t\t\t<\/div>\n\t\t\t\t\t\t\t\t<div class=\"elementor-field-type-upload elementor-field-group elementor-column elementor-field-group-field_b7dfa5c elementor-col-100\">\n\t\t\t\t\t\t\t\t\t\t\t\t<label for=\"form-field-field_b7dfa5c\" class=\"elementor-field-label\">\n\t\t\t\t\t\t\t\tAdjuntar Curriculum Vitae \t\t\t\t\t\t\t<\/label>\n\t\t\t\t\t\t\t\t<input type=\"file\" name=\"form_fields[field_b7dfa5c]\" id=\"form-field-field_b7dfa5c\" class=\"elementor-field elementor-size-sm  elementor-upload-field\">\n\n\t\t\t\t\t\t<\/div>\n\t\t\t\t\t\t\t\t<div class=\"elementor-field-type-textarea elementor-field-group elementor-column elementor-field-group-message elementor-col-100\">\n\t\t\t\t\t\t\t\t\t\t\t\t<label for=\"form-field-message\" class=\"elementor-field-label\">\n\t\t\t\t\t\t\t\tMensaje o carta de presentaci\u00f3n \t\t\t\t\t\t\t<\/label>\n\t\t\t\t\t\t<textarea class=\"elementor-field-textual elementor-field  elementor-size-sm\" name=\"form_fields[message]\" id=\"form-field-message\" rows=\"4\"><\/textarea>\t\t\t\t<\/div>\n\t\t\t\t\t\t\t\t<div class=\"elementor-field-type-recaptcha elementor-field-group elementor-column elementor-field-group-field_49eea47 elementor-col-100\">\n\t\t\t\t\t<div class=\"elementor-field\" id=\"form-field-field_49eea47\"><div class=\"elementor-g-recaptcha\" data-sitekey=\"6Ld1CaEqAAAAACN-l72VIdLFIf6M4w-KQ0aDiiW2\" data-type=\"v2_checkbox\" data-theme=\"light\" data-size=\"normal\"><\/div><\/div>\t\t\t\t<\/div>\n\t\t\t\t\t\t\t\t<div class=\"elementor-field-group elementor-column elementor-field-type-submit elementor-col-100 e-form__buttons\">\n\t\t\t\t\t<button class=\"elementor-button elementor-size-sm\" type=\"submit\">\n\t\t\t\t\t\t<span class=\"elementor-button-content-wrapper\">\n\t\t\t\t\t\t\t\t\t\t\t\t\t\t\t\t\t\t\t\t\t\t<span class=\"elementor-button-text\">Enviar<\/span>\n\t\t\t\t\t\t\t\t\t\t\t\t\t<\/span>\n\t\t\t\t\t<\/button>\n\t\t\t\t<\/div>\n\t\t\t<\/div>\n\t\t<input type=\"hidden\" name=\"trp-form-language\" value=\"es\"\/><\/form>\n\t\t\t\t\t\t<\/div>\n\t\t\t\t<\/div>\n\t\t\t\t<\/div>\n\t\t\t\t\t<\/div>\n\t\t\t\t<\/div>\n\t\t\t\t<\/div>","protected":false},"excerpt":{"rendered":"<p>Employment Talent and Dedication At Solutions TechSolv Inc, we believe that the success of our company is based on the talent and dedication of our team. That&#8217;s why we&#8217;re looking for people who are passionate, innovative, and committed to excellence to join us. If you are interested in being part of a dynamic environment where [&hellip;]<\/p>","protected":false},"author":1,"featured_media":0,"parent":0,"menu_order":0,"comment_status":"closed","ping_status":"closed","template":"elementor_header_footer","meta":{"footnotes":""},"class_list":["post-212","page","type-page","status-publish","hentry"],"_links":{"self":[{"href":"https:\/\/solutionstechsolvinc.com\/es\/wp-json\/wp\/v2\/pages\/212","targetHints":{"allow":["GET"]}}],"collection":[{"href":"https:\/\/solutionstechsolvinc.com\/es\/wp-json\/wp\/v2\/pages"}],"about":[{"href":"https:\/\/solutionstechsolvinc.com\/es\/wp-json\/wp\/v2\/types\/page"}],"author":[{"embeddable":true,"href":"https:\/\/solutionstechsolvinc.com\/es\/wp-json\/wp\/v2\/users\/1"}],"replies":[{"embeddable":true,"href":"https:\/\/solutionstechsolvinc.com\/es\/wp-json\/wp\/v2\/comments?post=212"}],"version-history":[{"count":76,"href":"https:\/\/solutionstechsolvinc.com\/es\/wp-json\/wp\/v2\/pages\/212\/revisions"}],"predecessor-version":[{"id":868,"href":"https:\/\/solutionstechsolvinc.com\/es\/wp-json\/wp\/v2\/pages\/212\/revisions\/868"}],"wp:attachment":[{"href":"https:\/\/solutionstechsolvinc.com\/es\/wp-json\/wp\/v2\/media?parent=212"}],"curies":[{"name":"wp","href":"https:\/\/api.w.org\/{rel}","templated":true}]}}