{"id":156,"date":"2024-12-15T20:01:24","date_gmt":"2024-12-15T20:01:24","guid":{"rendered":"https:\/\/solutionstechsolvinc.com\/?page_id=156"},"modified":"2024-12-20T03:22:57","modified_gmt":"2024-12-20T03:22:57","slug":"services","status":"publish","type":"page","link":"https:\/\/solutionstechsolvinc.com\/fr\/services\/","title":{"rendered":"Nos services"},"content":{"rendered":"<div data-elementor-type=\"wp-page\" data-elementor-id=\"156\" class=\"elementor elementor-156\" data-elementor-settings=\"{&quot;ha_cmc_init_switcher&quot;:&quot;no&quot;}\" data-elementor-post-type=\"page\">\n\t\t\t\t<div class=\"elementor-element elementor-element-081d173 e-flex e-con-boxed e-con e-parent\" data-id=\"081d173\" data-element_type=\"container\" data-settings=\"{&quot;background_background&quot;:&quot;classic&quot;,&quot;_ha_eqh_enable&quot;:false}\">\n\t\t\t\t\t<div class=\"e-con-inner\">\n\t\t<div class=\"elementor-element elementor-element-c11d677 e-con-full e-flex e-con e-child\" data-id=\"c11d677\" data-element_type=\"container\" data-settings=\"{&quot;_ha_eqh_enable&quot;:false}\">\n\t\t<div class=\"elementor-element elementor-element-2def13c e-con-full e-flex e-con e-child\" data-id=\"2def13c\" data-element_type=\"container\" data-settings=\"{&quot;_ha_eqh_enable&quot;:false}\">\n\t\t\t\t<div class=\"elementor-element elementor-element-da1b146 elementor-invisible elementor-widget elementor-widget-heading\" data-id=\"da1b146\" data-element_type=\"widget\" data-settings=\"{&quot;_animation&quot;:&quot;zoomIn&quot;}\" data-widget_type=\"heading.default\">\n\t\t\t\t<div class=\"elementor-widget-container\">\n\t\t\t\t\t<h1 class=\"elementor-heading-title elementor-size-default\">Nos services <\/h1>\t\t\t\t<\/div>\n\t\t\t\t<\/div>\n\t\t\t\t<\/div>\n\t\t\t\t<\/div>\n\t\t\t\t\t<\/div>\n\t\t\t\t<\/div>\n\t\t<div class=\"elementor-element elementor-element-c11eac9 e-flex e-con-boxed e-con e-parent\" data-id=\"c11eac9\" data-element_type=\"container\" data-settings=\"{&quot;_ha_eqh_enable&quot;:false}\">\n\t\t\t\t\t<div class=\"e-con-inner\">\n\t\t<div class=\"elementor-element elementor-element-daf961d e-con-full e-flex e-con e-child\" data-id=\"daf961d\" data-element_type=\"container\" data-settings=\"{&quot;_ha_eqh_enable&quot;:false}\">\n\t\t\t\t<div class=\"elementor-element elementor-element-2730206 elementor-widget elementor-widget-image\" data-id=\"2730206\" data-element_type=\"widget\" data-widget_type=\"image.default\">\n\t\t\t\t<div class=\"elementor-widget-container\">\n\t\t\t\t\t\t\t\t\t\t\t\t\t\t\t<img fetchpriority=\"high\" decoding=\"async\" width=\"800\" height=\"481\" src=\"https:\/\/solutionstechsolvinc.com\/wp-content\/uploads\/2024\/12\/Business-Growth.jpg\" class=\"attachment-large size-large wp-image-716\" alt=\"\" srcset=\"https:\/\/solutionstechsolvinc.com\/wp-content\/uploads\/2024\/12\/Business-Growth.jpg 1000w, https:\/\/solutionstechsolvinc.com\/wp-content\/uploads\/2024\/12\/Business-Growth-300x180.jpg 300w, https:\/\/solutionstechsolvinc.com\/wp-content\/uploads\/2024\/12\/Business-Growth-768x462.jpg 768w, https:\/\/solutionstechsolvinc.com\/wp-content\/uploads\/2024\/12\/Business-Growth-18x12.jpg 18w\" sizes=\"(max-width: 800px) 100vw, 800px\" \/>\t\t\t\t\t\t\t\t\t\t\t\t\t\t\t<\/div>\n\t\t\t\t<\/div>\n\t\t\t\t<\/div>\n\t\t<div class=\"elementor-element elementor-element-1586495 e-con-full e-flex e-con e-child\" data-id=\"1586495\" data-element_type=\"container\" data-settings=\"{&quot;_ha_eqh_enable&quot;:false}\">\n\t\t\t\t<div class=\"elementor-element elementor-element-64e56e2 elementor-widget elementor-widget-heading\" data-id=\"64e56e2\" data-element_type=\"widget\" data-widget_type=\"heading.default\">\n\t\t\t\t<div class=\"elementor-widget-container\">\n\t\t\t\t\t<h2 class=\"elementor-heading-title elementor-size-default\">Croissance de l'entreprise.<\/h2>\t\t\t\t<\/div>\n\t\t\t\t<\/div>\n\t\t\t\t<div class=\"elementor-element elementor-element-c21bef6 elementor-widget elementor-widget-text-editor\" data-id=\"c21bef6\" data-element_type=\"widget\" data-widget_type=\"text-editor.default\">\n\t\t\t\t<div class=\"elementor-widget-container\">\n\t\t\t\t\t\t\t\t\t<p>Chez TechSolv Solutions Inc, nous offrons une gamme compl\u00e8te de services con\u00e7us pour transformer et optimiser votre service \u00e0 la client\u00e8le. Nos solutions sont adapt\u00e9es pour r\u00e9pondre aux besoins uniques de votre entreprise, ce qui stimule la satisfaction de la client\u00e8le et la croissance de l'entreprise.<\/p>\t\t\t\t\t\t\t\t<\/div>\n\t\t\t\t<\/div>\n\t\t\t\t<\/div>\n\t\t\t\t\t<\/div>\n\t\t\t\t<\/div>\n\t\t<div class=\"elementor-element elementor-element-cf18bf5 e-flex e-con-boxed e-con e-parent\" data-id=\"cf18bf5\" data-element_type=\"container\" data-settings=\"{&quot;background_background&quot;:&quot;classic&quot;,&quot;_ha_eqh_enable&quot;:false}\">\n\t\t\t\t\t<div class=\"e-con-inner\">\n\t\t<div class=\"elementor-element elementor-element-0e7e88e e-con-full e-flex e-con e-child\" data-id=\"0e7e88e\" data-element_type=\"container\" data-settings=\"{&quot;_ha_eqh_enable&quot;:false}\">\n\t\t<div class=\"elementor-element elementor-element-abdb58d e-con-full e-flex e-con e-child\" data-id=\"abdb58d\" data-element_type=\"container\" data-settings=\"{&quot;_ha_eqh_enable&quot;:false}\">\n\t\t<div class=\"elementor-element elementor-element-1597f76 e-con-full e-flex e-con e-child\" data-id=\"1597f76\" data-element_type=\"container\" data-settings=\"{&quot;_ha_eqh_enable&quot;:false}\">\n\t\t\t\t<div class=\"elementor-element elementor-element-7bae118 elementor-widget elementor-widget-heading\" data-id=\"7bae118\" data-element_type=\"widget\" data-widget_type=\"heading.default\">\n\t\t\t\t<div class=\"elementor-widget-container\">\n\t\t\t\t\t<h2 class=\"elementor-heading-title elementor-size-default\">Conseil ou coaching en service \u00e0 la client\u00e8le<\/h2>\t\t\t\t<\/div>\n\t\t\t\t<\/div>\n\t\t\t\t<div class=\"elementor-element elementor-element-ec0b7d0 elementor-widget elementor-widget-text-editor\" data-id=\"ec0b7d0\" data-element_type=\"widget\" data-widget_type=\"text-editor.default\">\n\t\t\t\t<div class=\"elementor-widget-container\">\n\t\t\t\t\t\t\t\t\t<p>Notre service de conseil et de coaching est con\u00e7u pour \u00e9lever vos normes de service \u00e0 la client\u00e8le \u00e0 des niveaux exceptionnels.<\/p><p>Ce que nous offrons :<\/p><ul><li>\u00c9valuation approfondie de vos processus actuels de service \u00e0 la client\u00e8le<\/li><li>D\u00e9velopper des strat\u00e9gies personnalis\u00e9es pour am\u00e9liorer l'exp\u00e9rience client<\/li><li>Des programmes de formation sur mesure pour votre \u00e9quipe<\/li><li>Mise en \u0153uvre des pratiques exemplaires dans l'industrie<\/li><li>Coaching continu pour les leaders et les \u00e9quipes de premi\u00e8re ligne<\/li><\/ul><p>\u00a0<\/p><p>Produit :<\/p><ul><li>Satisfaction et fid\u00e9lit\u00e9 accrues de la client\u00e8le<\/li><li>Am\u00e9lioration de l'efficacit\u00e9 op\u00e9rationnelle<\/li><li>R\u00e9duction du temps de d\u00e9pannage<\/li><li>Augmentation des ventes et de la fid\u00e9lisation de la client\u00e8le<\/li><\/ul>\t\t\t\t\t\t\t\t<\/div>\n\t\t\t\t<\/div>\n\t\t\t\t<div class=\"elementor-element elementor-element-394fccf elementor-align-center elementor-mobile-align-justify elementor-widget elementor-widget-button\" data-id=\"394fccf\" data-element_type=\"widget\" data-widget_type=\"button.default\">\n\t\t\t\t<div class=\"elementor-widget-container\">\n\t\t\t\t\t\t\t\t\t<div class=\"elementor-button-wrapper\">\n\t\t\t\t\t<a class=\"elementor-button elementor-button-link elementor-size-sm\" href=\"https:\/\/solutionstechsolvinc.com\/fr\/?page_id=174\">\n\t\t\t\t\t\t<span class=\"elementor-button-content-wrapper\">\n\t\t\t\t\t\t\t\t\t<span class=\"elementor-button-text\">En savoir plus  <\/span>\n\t\t\t\t\t<\/span>\n\t\t\t\t\t<\/a>\n\t\t\t\t<\/div>\n\t\t\t\t\t\t\t\t<\/div>\n\t\t\t\t<\/div>\n\t\t\t\t<\/div>\n\t\t<div class=\"elementor-element elementor-element-cac59cb e-con-full e-flex e-con e-child\" data-id=\"cac59cb\" data-element_type=\"container\" data-settings=\"{&quot;_ha_eqh_enable&quot;:false}\">\n\t\t\t\t<div class=\"elementor-element elementor-element-6dc8ac9 elementor-widget elementor-widget-heading\" data-id=\"6dc8ac9\" data-element_type=\"widget\" data-widget_type=\"heading.default\">\n\t\t\t\t<div class=\"elementor-widget-container\">\n\t\t\t\t\t<h2 class=\"elementor-heading-title elementor-size-default\">Agence de gestion des centres d'appels<\/h2>\t\t\t\t<\/div>\n\t\t\t\t<\/div>\n\t\t\t\t<div class=\"elementor-element elementor-element-47e5bfc elementor-widget elementor-widget-text-editor\" data-id=\"47e5bfc\" data-element_type=\"widget\" data-widget_type=\"text-editor.default\">\n\t\t\t\t<div class=\"elementor-widget-container\">\n\t\t\t\t\t\t\t\t\t<p>Nous optimisons les op\u00e9rations de votre centre d'appels pour offrir une exp\u00e9rience client sup\u00e9rieure et efficace.<\/p><p>Ce que nous offrons :<\/p><ul><li>Conception et mise en \u0153uvre de processus de centre d'appels efficaces<\/li><li>Solutions technologiques de pointe pour la gestion des appels<\/li><li>Formation sp\u00e9cialis\u00e9e pour les agents des centres d'appels<\/li><li>Analyse des donn\u00e9es et production de rapports pour une am\u00e9lioration continue<\/li><li>Services d'externalisation des centres d'appels<\/li><\/ul><p>\u00a0<\/p><p>Produit :<\/p><ul><li>R\u00e9duction des temps d'attente et de la gestion des appels<\/li><li>Am\u00e9lioration de la qualit\u00e9 des interactions avec les clients<\/li><li>Productivit\u00e9 accrue des agents<\/li><li>Optimisation des co\u00fbts d'exploitation<\/li><\/ul>\t\t\t\t\t\t\t\t<\/div>\n\t\t\t\t<\/div>\n\t\t\t\t<div class=\"elementor-element elementor-element-53a95e3 elementor-align-center elementor-mobile-align-justify elementor-widget elementor-widget-button\" data-id=\"53a95e3\" data-element_type=\"widget\" data-widget_type=\"button.default\">\n\t\t\t\t<div class=\"elementor-widget-container\">\n\t\t\t\t\t\t\t\t\t<div class=\"elementor-button-wrapper\">\n\t\t\t\t\t<a class=\"elementor-button elementor-button-link elementor-size-sm\" href=\"https:\/\/solutionstechsolvinc.com\/fr\/?page_id=174\">\n\t\t\t\t\t\t<span class=\"elementor-button-content-wrapper\">\n\t\t\t\t\t\t\t\t\t<span class=\"elementor-button-text\">En savoir plus  <\/span>\n\t\t\t\t\t<\/span>\n\t\t\t\t\t<\/a>\n\t\t\t\t<\/div>\n\t\t\t\t\t\t\t\t<\/div>\n\t\t\t\t<\/div>\n\t\t\t\t<\/div>\n\t\t\t\t<\/div>\n\t\t\t\t<\/div>\n\t\t\t\t\t<\/div>\n\t\t\t\t<\/div>\n\t\t<div class=\"elementor-element elementor-element-5c11bce e-flex e-con-boxed e-con e-parent\" data-id=\"5c11bce\" data-element_type=\"container\" data-settings=\"{&quot;background_background&quot;:&quot;classic&quot;,&quot;_ha_eqh_enable&quot;:false}\">\n\t\t\t\t\t<div class=\"e-con-inner\">\n\t\t<div class=\"elementor-element elementor-element-27f5f51 e-con-full e-flex e-con e-child\" data-id=\"27f5f51\" data-element_type=\"container\" data-settings=\"{&quot;_ha_eqh_enable&quot;:false}\">\n\t\t<div class=\"elementor-element elementor-element-056638f e-con-full e-flex e-con e-child\" data-id=\"056638f\" data-element_type=\"container\" data-settings=\"{&quot;_ha_eqh_enable&quot;:false}\">\n\t\t<div class=\"elementor-element elementor-element-d36919e e-con-full e-flex e-con e-child\" data-id=\"d36919e\" data-element_type=\"container\" data-settings=\"{&quot;_ha_eqh_enable&quot;:false}\">\n\t\t\t\t<div class=\"elementor-element elementor-element-335a6bc elementor-widget elementor-widget-heading\" data-id=\"335a6bc\" data-element_type=\"widget\" data-widget_type=\"heading.default\">\n\t\t\t\t<div class=\"elementor-widget-container\">\n\t\t\t\t\t<h2 class=\"elementor-heading-title elementor-size-default\">Entreprise de soutien technique sp\u00e9cialis\u00e9<\/h2>\t\t\t\t<\/div>\n\t\t\t\t<\/div>\n\t\t\t\t<div class=\"elementor-element elementor-element-921964e elementor-widget elementor-widget-text-editor\" data-id=\"921964e\" data-element_type=\"widget\" data-widget_type=\"text-editor.default\">\n\t\t\t\t<div class=\"elementor-widget-container\">\n\t\t\t\t\t\t\t\t\t<p>Nous fournissons un support technique de haute qualit\u00e9 pour vos applications mobiles et plateformes en ligne.<\/p><p>Ce que nous offrons :<\/p><ul><li>Support technique multicanal (t\u00e9l\u00e9phone, chat, e-mail)<\/li><li>R\u00e9solution rapide et efficace des probl\u00e8mes techniques<\/li><li>Documentation technique et bases de connaissances<\/li><li>Surveillance proactive et maintenance pr\u00e9ventive<\/li><li>Escalade et gestion des incidents complexes<\/li><\/ul><p>\u00a0<\/p><p>Produit :<\/p><ul><li>Satisfaction accrue des utilisateurs finaux<\/li><li>R\u00e9duction des temps d'arr\u00eat du syst\u00e8me<\/li><li>Am\u00e9lioration de la fid\u00e9lisation de la client\u00e8le<\/li><li>Diminution de la charge de travail de l'\u00e9quipe informatique interne<\/li><\/ul>\t\t\t\t\t\t\t\t<\/div>\n\t\t\t\t<\/div>\n\t\t\t\t<div class=\"elementor-element elementor-element-dfb19ef elementor-align-center elementor-mobile-align-justify elementor-widget elementor-widget-button\" data-id=\"dfb19ef\" data-element_type=\"widget\" data-widget_type=\"button.default\">\n\t\t\t\t<div class=\"elementor-widget-container\">\n\t\t\t\t\t\t\t\t\t<div class=\"elementor-button-wrapper\">\n\t\t\t\t\t<a class=\"elementor-button elementor-button-link elementor-size-sm\" href=\"https:\/\/solutionstechsolvinc.com\/fr\/?page_id=174\">\n\t\t\t\t\t\t<span class=\"elementor-button-content-wrapper\">\n\t\t\t\t\t\t\t\t\t<span class=\"elementor-button-text\">En savoir plus  <\/span>\n\t\t\t\t\t<\/span>\n\t\t\t\t\t<\/a>\n\t\t\t\t<\/div>\n\t\t\t\t\t\t\t\t<\/div>\n\t\t\t\t<\/div>\n\t\t\t\t<\/div>\n\t\t<div class=\"elementor-element elementor-element-5e32b62 e-con-full e-flex e-con e-child\" data-id=\"5e32b62\" data-element_type=\"container\" data-settings=\"{&quot;_ha_eqh_enable&quot;:false}\">\n\t\t\t\t<div class=\"elementor-element elementor-element-bd21d67 elementor-widget elementor-widget-heading\" data-id=\"bd21d67\" data-element_type=\"widget\" data-widget_type=\"heading.default\">\n\t\t\t\t<div class=\"elementor-widget-container\">\n\t\t\t\t\t<h2 class=\"elementor-heading-title elementor-size-default\">Agence de r\u00e9solution de probl\u00e8mes<\/h2>\t\t\t\t<\/div>\n\t\t\t\t<\/div>\n\t\t\t\t<div class=\"elementor-element elementor-element-3aae41b elementor-widget elementor-widget-text-editor\" data-id=\"3aae41b\" data-element_type=\"widget\" data-widget_type=\"text-editor.default\">\n\t\t\t\t<div class=\"elementor-widget-container\">\n\t\t\t\t\t\t\t\t\t<p>Nous nous sp\u00e9cialisons dans la m\u00e9diation et la r\u00e9solution efficaces des d\u00e9fis entre votre entreprise et vos clients.<\/p><p>Ce que nous offrons :<\/p><ul><li>Gestion des plaintes et des r\u00e9clamations des clients<\/li><li>M\u00e9diation dans les diff\u00e9rends complexes<\/li><li>\u00c9laboration de politiques et de proc\u00e9dures de r\u00e9solution de probl\u00e8mes<\/li><li>Analyse des causes profondes pour \u00e9viter les probl\u00e8mes r\u00e9currents<\/li><li>Formation aux techniques de n\u00e9gociation et de r\u00e9solution des conflits<\/li><\/ul><p>Produit :<\/p><ul><li>Am\u00e9lioration de la satisfaction du client, m\u00eame dans des situations difficiles<\/li><li>R\u00e9duction du nombre de renvois \u00e0 la hausse et de plaintes officielles<\/li><li>Renforcer la r\u00e9putation de la marque<\/li><li>Identification des possibilit\u00e9s d'am\u00e9lioration des produits et services<\/li><\/ul>\t\t\t\t\t\t\t\t<\/div>\n\t\t\t\t<\/div>\n\t\t\t\t<div class=\"elementor-element elementor-element-edfd72d elementor-align-center elementor-mobile-align-justify elementor-widget elementor-widget-button\" data-id=\"edfd72d\" data-element_type=\"widget\" data-widget_type=\"button.default\">\n\t\t\t\t<div class=\"elementor-widget-container\">\n\t\t\t\t\t\t\t\t\t<div class=\"elementor-button-wrapper\">\n\t\t\t\t\t<a class=\"elementor-button elementor-button-link elementor-size-sm\" href=\"https:\/\/solutionstechsolvinc.com\/fr\/?page_id=174\">\n\t\t\t\t\t\t<span class=\"elementor-button-content-wrapper\">\n\t\t\t\t\t\t\t\t\t<span class=\"elementor-button-text\">En savoir plus  <\/span>\n\t\t\t\t\t<\/span>\n\t\t\t\t\t<\/a>\n\t\t\t\t<\/div>\n\t\t\t\t\t\t\t\t<\/div>\n\t\t\t\t<\/div>\n\t\t\t\t<\/div>\n\t\t\t\t<\/div>\n\t\t\t\t<\/div>\n\t\t\t\t\t<\/div>\n\t\t\t\t<\/div>\n\t\t<div class=\"elementor-element elementor-element-12c505d e-flex e-con-boxed e-con e-parent\" data-id=\"12c505d\" data-element_type=\"container\" data-settings=\"{&quot;background_background&quot;:&quot;classic&quot;,&quot;_ha_eqh_enable&quot;:false}\">\n\t\t\t\t\t<div class=\"e-con-inner\">\n\t\t<div class=\"elementor-element elementor-element-eb047a5 e-con-full e-flex e-con e-child\" data-id=\"eb047a5\" data-element_type=\"container\" data-settings=\"{&quot;_ha_eqh_enable&quot;:false}\">\n\t\t<div class=\"elementor-element elementor-element-5901cf4 e-con-full e-flex e-con e-child\" data-id=\"5901cf4\" data-element_type=\"container\" data-settings=\"{&quot;_ha_eqh_enable&quot;:false}\">\n\t\t<div class=\"elementor-element elementor-element-9b7fc65 e-con-full e-flex e-con e-child\" data-id=\"9b7fc65\" data-element_type=\"container\" data-settings=\"{&quot;_ha_eqh_enable&quot;:false}\">\n\t\t\t\t<div class=\"elementor-element elementor-element-d6e1f42 elementor-widget elementor-widget-heading\" data-id=\"d6e1f42\" data-element_type=\"widget\" data-widget_type=\"heading.default\">\n\t\t\t\t<div class=\"elementor-widget-container\">\n\t\t\t\t\t<h2 class=\"elementor-heading-title elementor-size-default\">D\u00e9veloppement d'applications ou de logiciels de gestion de la client\u00e8le<\/h2>\t\t\t\t<\/div>\n\t\t\t\t<\/div>\n\t\t\t\t<div class=\"elementor-element elementor-element-59127c2 elementor-widget elementor-widget-text-editor\" data-id=\"59127c2\" data-element_type=\"widget\" data-widget_type=\"text-editor.default\">\n\t\t\t\t<div class=\"elementor-widget-container\">\n\t\t\t\t\t\t\t\t\t<p>Nous cr\u00e9ons des solutions technologiques sur mesure pour optimiser votre gestion client et am\u00e9liorer l'exp\u00e9rience utilisateur.<\/p><p>Ce que nous offrons :<\/p><ul><li>D\u00e9veloppement CRM personnalis\u00e9<\/li><li>Cr\u00e9ation d'applications mobiles pour le service client<\/li><li>Mise en \u0153uvre de chatbots et d'assistants virtuels<\/li><li>Int\u00e9gration du syst\u00e8me de billetterie<\/li><li>\u00c9laboration de tableaux de bord et d'outils d'analyse de donn\u00e9es<\/li><\/ul><p>\u00a0<\/p><p>Produit :<\/p><ul><li>Am\u00e9lioration de l'efficacit\u00e9 et de la productivit\u00e9 des \u00e9quipes de service \u00e0 la client\u00e8le<\/li><li>Acc\u00e8s \u00e0 l'information en temps r\u00e9el pour la prise de d\u00e9cisions<\/li><li>Personnalisation de l'exp\u00e9rience client<\/li><li>Automatisation des processus r\u00e9p\u00e9titifs<\/li><li>\u00c9volutivit\u00e9 pour s'adapter \u00e0 la croissance de l'entreprise<\/li><\/ul>\t\t\t\t\t\t\t\t<\/div>\n\t\t\t\t<\/div>\n\t\t\t\t<div class=\"elementor-element elementor-element-0fd04f0 elementor-align-center elementor-mobile-align-justify elementor-widget elementor-widget-button\" data-id=\"0fd04f0\" data-element_type=\"widget\" data-widget_type=\"button.default\">\n\t\t\t\t<div class=\"elementor-widget-container\">\n\t\t\t\t\t\t\t\t\t<div class=\"elementor-button-wrapper\">\n\t\t\t\t\t<a class=\"elementor-button elementor-button-link elementor-size-sm\" href=\"https:\/\/solutionstechsolvinc.com\/fr\/?page_id=174\">\n\t\t\t\t\t\t<span class=\"elementor-button-content-wrapper\">\n\t\t\t\t\t\t\t\t\t<span class=\"elementor-button-text\">En savoir plus  <\/span>\n\t\t\t\t\t<\/span>\n\t\t\t\t\t<\/a>\n\t\t\t\t<\/div>\n\t\t\t\t\t\t\t\t<\/div>\n\t\t\t\t<\/div>\n\t\t\t\t<\/div>\n\t\t\t\t<\/div>\n\t\t\t\t<\/div>\n\t\t\t\t\t<\/div>\n\t\t\t\t<\/div>\n\t\t<div class=\"elementor-element elementor-element-a326b2b e-flex e-con-boxed e-con e-parent\" data-id=\"a326b2b\" data-element_type=\"container\" data-settings=\"{&quot;_ha_eqh_enable&quot;:false}\">\n\t\t\t\t\t<div class=\"e-con-inner\">\n\t\t<div class=\"elementor-element elementor-element-b38c131 e-con-full e-flex e-con e-child\" data-id=\"b38c131\" data-element_type=\"container\" data-settings=\"{&quot;_ha_eqh_enable&quot;:false}\">\n\t\t\t\t<div class=\"elementor-element elementor-element-54f3f44 elementor-widget elementor-widget-text-editor\" data-id=\"54f3f44\" data-element_type=\"widget\" data-widget_type=\"text-editor.default\">\n\t\t\t\t<div class=\"elementor-widget-container\">\n\t\t\t\t\t\t\t\t\t<p>Chez Solutions TechSolv Inc, nous nous engageons \u00e0 votre succ\u00e8s. Nos services sont con\u00e7us pour fonctionner en synergie, vous fournissant une solution unique pour tous vos besoins de service \u00e0 la client\u00e8le. Que vous ayez besoin d'am\u00e9liorer un aspect sp\u00e9cifique de votre service \u00e0 la client\u00e8le ou d'effectuer une transformation compl\u00e8te, nous sommes l\u00e0 pour vous guider \u00e0 chaque \u00e9tape du processus.<\/p><p>Laissez-nous vous aider \u00e0 \u00e9lever votre service \u00e0 la client\u00e8le \u00e0 de nouveaux sommets. Contactez-nous d\u00e8s aujourd'hui pour savoir comment nous pouvons personnaliser nos services pour r\u00e9pondre aux besoins uniques de votre entreprise.<\/p>\t\t\t\t\t\t\t\t<\/div>\n\t\t\t\t<\/div>\n\t\t\t\t<div class=\"elementor-element elementor-element-97323c7 elementor-align-center elementor-mobile-align-justify elementor-widget elementor-widget-button\" data-id=\"97323c7\" data-element_type=\"widget\" data-widget_type=\"button.default\">\n\t\t\t\t<div class=\"elementor-widget-container\">\n\t\t\t\t\t\t\t\t\t<div class=\"elementor-button-wrapper\">\n\t\t\t\t\t<a class=\"elementor-button elementor-button-link elementor-size-sm\" href=\"https:\/\/solutionstechsolvinc.com\/fr\/?page_id=174\">\n\t\t\t\t\t\t<span class=\"elementor-button-content-wrapper\">\n\t\t\t\t\t\t\t\t\t<span class=\"elementor-button-text\">Parlons-en aujourd'hui   <\/span>\n\t\t\t\t\t<\/span>\n\t\t\t\t\t<\/a>\n\t\t\t\t<\/div>\n\t\t\t\t\t\t\t\t<\/div>\n\t\t\t\t<\/div>\n\t\t\t\t<\/div>\n\t\t\t\t\t<\/div>\n\t\t\t\t<\/div>\n\t\t\t\t<\/div>","protected":false},"excerpt":{"rendered":"<p>Services Business Growth. At TechSolv Solutions Inc, we offer a full range of services designed to transform and optimize your customer service. Our solutions are tailored to meet your company&#8217;s unique needs, driving customer satisfaction and business growth. Customer Service Consulting &amp; Coaching Our consulting and coaching service is designed to raise your standards of [&hellip;]<\/p>","protected":false},"author":1,"featured_media":0,"parent":0,"menu_order":0,"comment_status":"closed","ping_status":"closed","template":"elementor_header_footer","meta":{"footnotes":""},"class_list":["post-156","page","type-page","status-publish","hentry"],"_links":{"self":[{"href":"https:\/\/solutionstechsolvinc.com\/fr\/wp-json\/wp\/v2\/pages\/156","targetHints":{"allow":["GET"]}}],"collection":[{"href":"https:\/\/solutionstechsolvinc.com\/fr\/wp-json\/wp\/v2\/pages"}],"about":[{"href":"https:\/\/solutionstechsolvinc.com\/fr\/wp-json\/wp\/v2\/types\/page"}],"author":[{"embeddable":true,"href":"https:\/\/solutionstechsolvinc.com\/fr\/wp-json\/wp\/v2\/users\/1"}],"replies":[{"embeddable":true,"href":"https:\/\/solutionstechsolvinc.com\/fr\/wp-json\/wp\/v2\/comments?post=156"}],"version-history":[{"count":64,"href":"https:\/\/solutionstechsolvinc.com\/fr\/wp-json\/wp\/v2\/pages\/156\/revisions"}],"predecessor-version":[{"id":833,"href":"https:\/\/solutionstechsolvinc.com\/fr\/wp-json\/wp\/v2\/pages\/156\/revisions\/833"}],"wp:attachment":[{"href":"https:\/\/solutionstechsolvinc.com\/fr\/wp-json\/wp\/v2\/media?parent=156"}],"curies":[{"name":"wp","href":"https:\/\/api.w.org\/{rel}","templated":true}]}}