{"id":162,"date":"2024-12-15T20:02:53","date_gmt":"2024-12-15T20:02:53","guid":{"rendered":"https:\/\/solutionstechsolvinc.com\/?page_id=162"},"modified":"2024-12-20T03:25:09","modified_gmt":"2024-12-20T03:25:09","slug":"industries","status":"publish","type":"page","link":"https:\/\/solutionstechsolvinc.com\/fr\/industries\/","title":{"rendered":"Les Industries"},"content":{"rendered":"<div data-elementor-type=\"wp-page\" data-elementor-id=\"162\" class=\"elementor elementor-162\" data-elementor-settings=\"{&quot;ha_cmc_init_switcher&quot;:&quot;no&quot;}\" data-elementor-post-type=\"page\">\n\t\t\t\t<div class=\"elementor-element elementor-element-321b087 e-flex e-con-boxed e-con e-parent\" data-id=\"321b087\" data-element_type=\"container\" data-settings=\"{&quot;background_background&quot;:&quot;classic&quot;,&quot;_ha_eqh_enable&quot;:false}\">\n\t\t\t\t\t<div class=\"e-con-inner\">\n\t\t<div class=\"elementor-element elementor-element-0d6b4ba e-con-full e-flex e-con e-child\" data-id=\"0d6b4ba\" data-element_type=\"container\" data-settings=\"{&quot;_ha_eqh_enable&quot;:false}\">\n\t\t<div class=\"elementor-element elementor-element-bf0e430 e-con-full e-flex e-con e-child\" data-id=\"bf0e430\" data-element_type=\"container\" data-settings=\"{&quot;_ha_eqh_enable&quot;:false}\">\n\t\t\t\t<div class=\"elementor-element elementor-element-30e1f10 elementor-invisible elementor-widget elementor-widget-heading\" data-id=\"30e1f10\" data-element_type=\"widget\" data-settings=\"{&quot;_animation&quot;:&quot;zoomIn&quot;}\" data-widget_type=\"heading.default\">\n\t\t\t\t<div class=\"elementor-widget-container\">\n\t\t\t\t\t<h1 class=\"elementor-heading-title elementor-size-default\">Les Industries<\/h1>\t\t\t\t<\/div>\n\t\t\t\t<\/div>\n\t\t\t\t<\/div>\n\t\t\t\t<\/div>\n\t\t\t\t\t<\/div>\n\t\t\t\t<\/div>\n\t\t<div class=\"elementor-element elementor-element-314eb40 e-flex e-con-boxed e-con e-parent\" data-id=\"314eb40\" data-element_type=\"container\" data-settings=\"{&quot;_ha_eqh_enable&quot;:false}\">\n\t\t\t\t\t<div class=\"e-con-inner\">\n\t\t<div class=\"elementor-element elementor-element-8a5d816 e-con-full e-flex e-con e-child\" data-id=\"8a5d816\" data-element_type=\"container\" data-settings=\"{&quot;_ha_eqh_enable&quot;:false}\">\n\t\t\t\t<div class=\"elementor-element elementor-element-4829ede elementor-widget elementor-widget-image\" data-id=\"4829ede\" data-element_type=\"widget\" data-widget_type=\"image.default\">\n\t\t\t\t<div class=\"elementor-widget-container\">\n\t\t\t\t\t\t\t\t\t\t\t\t\t\t\t<img fetchpriority=\"high\" decoding=\"async\" width=\"800\" height=\"608\" src=\"https:\/\/solutionstechsolvinc.com\/wp-content\/uploads\/2024\/12\/TechSolv-Solutions-Inc.jpg\" class=\"attachment-large size-large wp-image-743\" alt=\"\" srcset=\"https:\/\/solutionstechsolvinc.com\/wp-content\/uploads\/2024\/12\/TechSolv-Solutions-Inc.jpg 1000w, https:\/\/solutionstechsolvinc.com\/wp-content\/uploads\/2024\/12\/TechSolv-Solutions-Inc-300x228.jpg 300w, https:\/\/solutionstechsolvinc.com\/wp-content\/uploads\/2024\/12\/TechSolv-Solutions-Inc-768x584.jpg 768w, https:\/\/solutionstechsolvinc.com\/wp-content\/uploads\/2024\/12\/TechSolv-Solutions-Inc-16x12.jpg 16w\" sizes=\"(max-width: 800px) 100vw, 800px\" \/>\t\t\t\t\t\t\t\t\t\t\t\t\t\t\t<\/div>\n\t\t\t\t<\/div>\n\t\t\t\t<\/div>\n\t\t<div class=\"elementor-element elementor-element-168281a e-con-full e-flex e-con e-child\" data-id=\"168281a\" data-element_type=\"container\" data-settings=\"{&quot;_ha_eqh_enable&quot;:false}\">\n\t\t\t\t<div class=\"elementor-element elementor-element-ac3c5de elementor-widget elementor-widget-heading\" data-id=\"ac3c5de\" data-element_type=\"widget\" data-widget_type=\"heading.default\">\n\t\t\t\t<div class=\"elementor-widget-container\">\n\t\t\t\t\t<h2 class=\"elementor-heading-title elementor-size-default\">Secteurs d'activit\u00e9<\/h2>\t\t\t\t<\/div>\n\t\t\t\t<\/div>\n\t\t\t\t<div class=\"elementor-element elementor-element-96f4d65 elementor-widget elementor-widget-text-editor\" data-id=\"96f4d65\" data-element_type=\"widget\" data-widget_type=\"text-editor.default\">\n\t\t\t\t<div class=\"elementor-widget-container\">\n\t\t\t\t\t\t\t\t\t<p>Chez TechSolv Solutions Inc, nous comprenons que chaque industrie est confront\u00e9e \u00e0 des d\u00e9fis uniques en mati\u00e8re de service \u00e0 la client\u00e8le. Notre expertise couvre un large \u00e9ventail de secteurs, ce qui nous permet d'offrir des solutions personnalis\u00e9es qui r\u00e9pondent aux besoins sp\u00e9cifiques de chaque industrie.<\/p>\t\t\t\t\t\t\t\t<\/div>\n\t\t\t\t<\/div>\n\t\t\t\t<\/div>\n\t\t\t\t\t<\/div>\n\t\t\t\t<\/div>\n\t\t<div class=\"elementor-element elementor-element-f934c4a e-flex e-con-boxed e-con e-parent\" data-id=\"f934c4a\" data-element_type=\"container\" data-settings=\"{&quot;background_background&quot;:&quot;classic&quot;,&quot;_ha_eqh_enable&quot;:false}\">\n\t\t\t\t\t<div class=\"e-con-inner\">\n\t\t<div class=\"elementor-element elementor-element-fb0445a e-con-full e-flex e-con e-child\" data-id=\"fb0445a\" data-element_type=\"container\" data-settings=\"{&quot;_ha_eqh_enable&quot;:false}\">\n\t\t\t\t<div class=\"elementor-element elementor-element-e2f531c elementor-widget elementor-widget-heading\" data-id=\"e2f531c\" data-element_type=\"widget\" data-widget_type=\"heading.default\">\n\t\t\t\t<div class=\"elementor-widget-container\">\n\t\t\t\t\t<h2 class=\"elementor-heading-title elementor-size-default\">Secteurs desservis<\/h2>\t\t\t\t<\/div>\n\t\t\t\t<\/div>\n\t\t\t\t<div class=\"elementor-element elementor-element-46b622b elementor-widget elementor-widget-text-editor\" data-id=\"46b622b\" data-element_type=\"widget\" data-widget_type=\"text-editor.default\">\n\t\t\t\t<div class=\"elementor-widget-container\">\n\t\t\t\t\t\t\t\t\t<p>Nos services de conseil, de gestion de centre d'appels, de support technique, de r\u00e9solution de probl\u00e8mes et de d\u00e9veloppement de logiciels sont adapt\u00e9s aux industries suivantes :<\/p>\t\t\t\t\t\t\t\t<\/div>\n\t\t\t\t<\/div>\n\t\t\t\t<\/div>\n\t\t\t\t\t<\/div>\n\t\t\t\t<\/div>\n\t\t<div class=\"elementor-element elementor-element-f662902 e-flex e-con-boxed e-con e-parent\" data-id=\"f662902\" data-element_type=\"container\" data-settings=\"{&quot;background_background&quot;:&quot;classic&quot;,&quot;_ha_eqh_enable&quot;:false}\">\n\t\t\t\t\t<div class=\"e-con-inner\">\n\t\t<div class=\"elementor-element elementor-element-6d64a47 e-con-full e-flex e-con e-child\" data-id=\"6d64a47\" data-element_type=\"container\" data-settings=\"{&quot;_ha_eqh_enable&quot;:false}\">\n\t\t\t\t<div class=\"elementor-element elementor-element-65483a8 elementor-widget elementor-widget-text-editor\" data-id=\"65483a8\" data-element_type=\"widget\" data-widget_type=\"text-editor.default\">\n\t\t\t\t<div class=\"elementor-widget-container\">\n\t\t\t\t\t\t\t\t\t<p><strong>1.\tTechnologie et logiciels<\/strong><\/p><ul><li>Optimisation de la prise en charge des produits SaaS<\/li><li>Maintenance logicielle et gestion des mises \u00e0 jour<\/li><li>Support client pour les utilisateurs finaux et les entreprises<\/li><\/ul><p>\u00a0<\/p><p><strong>2.\tCommerce de d\u00e9tail et commerce \u00e9lectronique<\/strong><\/p><ul><li>Am\u00e9liorer l'exp\u00e9rience d'achat en ligne<\/li><li>Gestion des d\u00e9clarations et des plaintes<\/li><li>Prise en charge multicanal pour les clients<\/li><\/ul><p>\u00a0<\/p><p><strong>3.\tServices financiers et bancaires<\/strong><\/p><ul><li>Soutien \u00e0 la client\u00e8le pour les services bancaires en ligne et mobiles<\/li><li>Gestion des demandes de renseignements sur les produits financiers<\/li><li>R\u00e9solution des probl\u00e8mes de s\u00e9curit\u00e9 et de fraude<\/li><\/ul><p>\u00a0<\/p><p><strong>4.\tSant\u00e9 et bien-\u00eatre<\/strong><\/p><ul><li>Soutien aux applications de sant\u00e9 et de bien-\u00eatre<\/li><li>Gestion des rendez-vous et suivi des patients<\/li><li>Soutien \u00e0 la client\u00e8le des dispositifs m\u00e9dicaux<\/li><\/ul><p>\u00a0<\/p><p><strong>5.\tTourisme et accueil<\/strong><\/p><ul><li>Gestion des r\u00e9servations et service \u00e0 la client\u00e8le<\/li><li>R\u00e9solution des probl\u00e8mes de voyage<\/li><li>Support multilingue pour les clients internationaux<\/li><\/ul><p>\u00a0<\/p><p><strong>6.\tT\u00e9l\u00e9communications<\/strong><\/p><ul><li>Support technique pour les services Internet et de t\u00e9l\u00e9phonie<\/li><li>Gestion de la facturation et demandes des clients<\/li><li>R\u00e9solution des probl\u00e8mes de connectivit\u00e9<\/li><\/ul><p>\u00a0<\/p><p><strong>7.\tFabrication et logistique<\/strong><\/p><ul><li>Suivi des commandes et gestion des exp\u00e9ditions<\/li><li>Soutien apr\u00e8s-vente pour les produits manufactur\u00e9s<\/li><li>Gestion de la cha\u00eene d'approvisionnement et service \u00e0 la client\u00e8le<\/li><\/ul>\t\t\t\t\t\t\t\t<\/div>\n\t\t\t\t<\/div>\n\t\t\t\t<\/div>\n\t\t<div class=\"elementor-element elementor-element-e00b699 e-con-full e-flex e-con e-child\" data-id=\"e00b699\" data-element_type=\"container\" data-settings=\"{&quot;_ha_eqh_enable&quot;:false}\">\n\t\t\t\t<\/div>\n\t\t\t\t\t<\/div>\n\t\t\t\t<\/div>\n\t\t<div class=\"elementor-element elementor-element-0e470b7 e-flex e-con-boxed e-con e-parent\" data-id=\"0e470b7\" data-element_type=\"container\" data-settings=\"{&quot;background_background&quot;:&quot;classic&quot;,&quot;_ha_eqh_enable&quot;:false}\">\n\t\t\t\t\t<div class=\"e-con-inner\">\n\t\t<div class=\"elementor-element elementor-element-b8c7b52 e-con-full e-flex e-con e-child\" data-id=\"b8c7b52\" data-element_type=\"container\" data-settings=\"{&quot;_ha_eqh_enable&quot;:false}\">\n\t\t\t\t<div class=\"elementor-element elementor-element-65b7bba elementor-widget elementor-widget-heading\" data-id=\"65b7bba\" data-element_type=\"widget\" data-widget_type=\"heading.default\">\n\t\t\t\t<div class=\"elementor-widget-container\">\n\t\t\t\t\t<h2 class=\"elementor-heading-title elementor-size-default\">Solutions sectorielles<\/h2>\t\t\t\t<\/div>\n\t\t\t\t<\/div>\n\t\t\t\t<div class=\"elementor-element elementor-element-50489b1 elementor-widget elementor-widget-text-editor\" data-id=\"50489b1\" data-element_type=\"widget\" data-widget_type=\"text-editor.default\">\n\t\t\t\t<div class=\"elementor-widget-container\">\n\t\t\t\t\t\t\t\t\t<p>Nous offrons des solutions adapt\u00e9es aux besoins uniques de chaque industrie :<\/p>\t\t\t\t\t\t\t\t<\/div>\n\t\t\t\t<\/div>\n\t\t\t\t<\/div>\n\t\t\t\t\t<\/div>\n\t\t\t\t<\/div>\n\t\t<div class=\"elementor-element elementor-element-4f6de72 e-flex e-con-boxed e-con e-parent\" data-id=\"4f6de72\" data-element_type=\"container\" data-settings=\"{&quot;background_background&quot;:&quot;classic&quot;,&quot;_ha_eqh_enable&quot;:false}\">\n\t\t\t\t\t<div class=\"e-con-inner\">\n\t\t<div class=\"elementor-element elementor-element-93330ca e-con-full e-flex e-con e-child\" data-id=\"93330ca\" data-element_type=\"container\" data-settings=\"{&quot;_ha_eqh_enable&quot;:false}\">\n\t\t\t\t<div class=\"elementor-element elementor-element-7047df5 elementor-widget elementor-widget-text-editor\" data-id=\"7047df5\" data-element_type=\"widget\" data-widget_type=\"text-editor.default\">\n\t\t\t\t<div class=\"elementor-widget-container\">\n\t\t\t\t\t\t\t\t\t<p><strong>1.\tTechnologie et logiciels<\/strong><\/p><ul><li>Plateformes en libre-service avanc\u00e9es<\/li><li>Syst\u00e8mes de gestion des connaissances pour le soutien technique<\/li><li>Int\u00e9gration de l'IA pour les diagnostics et le d\u00e9pannage<\/li><\/ul><p>\u00a0<\/p><p><strong>2.\tCommerce de d\u00e9tail et commerce \u00e9lectronique<\/strong><\/p><ul><li>Chatbots sp\u00e9cialis\u00e9s dans l'aide \u00e0 l'achat<\/li><li>Syst\u00e8mes automatis\u00e9s de gestion des retours<\/li><li>Analyse pr\u00e9dictive pour anticiper les besoins des clients<\/li><\/ul><p>\u00a0<\/p><p><strong>3.\tServices financiers et bancaires<\/strong><\/p><ul><li>Syst\u00e8mes s\u00e9curis\u00e9s de v\u00e9rification de l'identit\u00e9<\/li><li>Plateformes de conseils financiers en ligne<\/li><li>Solutions de conformit\u00e9 du service \u00e0 la client\u00e8le<\/li><\/ul><p>\u00a0<\/p><p><strong>4.\tSant\u00e9 et bien-\u00eatre<\/strong><\/p><ul><li>Plateformes de t\u00e9l\u00e9m\u00e9decine et de suivi des patients<\/li><li>Syst\u00e8mes intelligents de gestion des rendez-vous<\/li><li>Solutions de s\u00e9curit\u00e9 et de confidentialit\u00e9 des donn\u00e9es de sant\u00e9<\/li><\/ul><p>\u00a0<\/p><p><strong>5.\tTourisme et accueil<\/strong><\/p><ul><li>Syst\u00e8mes de gestion de l'exp\u00e9rience client<\/li><li>Plateformes personnalis\u00e9es de recommandation de voyage<\/li><li>Des solutions multilingues pour un service client mondial<\/li><\/ul><p>\u00a0<\/p><p><strong>6.\tT\u00e9l\u00e9communications<\/strong><\/p><ul><li>Outils de diagnostic \u00e0 distance pour les probl\u00e8mes de r\u00e9seau<\/li><li>Syst\u00e8mes de facturation et de gestion des diff\u00e9rends<\/li><li>Plates-formes en libre-service pour la configuration des p\u00e9riph\u00e9riques<\/li><\/ul><p>\u00a0<\/p><p><strong>7.\tFabrication et logistique<\/strong><\/p><ul><li>Syst\u00e8mes de suivi des commandes en temps r\u00e9el<\/li><li>Plateformes de gestion des garanties et des r\u00e9parations<\/li><li>Solutions IoT pour la maintenance pr\u00e9dictive et le support<\/li><\/ul>\t\t\t\t\t\t\t\t<\/div>\n\t\t\t\t<\/div>\n\t\t\t\t<\/div>\n\t\t<div class=\"elementor-element elementor-element-22d2078 e-con-full e-flex e-con e-child\" data-id=\"22d2078\" data-element_type=\"container\" data-settings=\"{&quot;_ha_eqh_enable&quot;:false}\">\n\t\t\t\t<\/div>\n\t\t\t\t\t<\/div>\n\t\t\t\t<\/div>\n\t\t<div class=\"elementor-element elementor-element-73425ec e-flex e-con-boxed e-con e-parent\" data-id=\"73425ec\" data-element_type=\"container\" data-settings=\"{&quot;background_background&quot;:&quot;classic&quot;,&quot;_ha_eqh_enable&quot;:false}\">\n\t\t\t\t\t<div class=\"e-con-inner\">\n\t\t<div class=\"elementor-element elementor-element-019e5a5 e-con-full e-flex e-con e-child\" data-id=\"019e5a5\" data-element_type=\"container\" data-settings=\"{&quot;_ha_eqh_enable&quot;:false}\">\n\t\t\t\t<div class=\"elementor-element elementor-element-b04a5b8 elementor-widget elementor-widget-text-editor\" data-id=\"b04a5b8\" data-element_type=\"widget\" data-widget_type=\"text-editor.default\">\n\t\t\t\t<div class=\"elementor-widget-container\">\n\t\t\t\t\t\t\t\t\t<p>Chez Solutions TechSolv Inc, nous nous engageons \u00e0 comprendre les particularit\u00e9s de votre secteur et \u00e0 offrir des solutions qui non seulement r\u00e9solvent vos d\u00e9fis actuels, mais vous pr\u00e9parent \u00e9galement pour l'avenir. Laissez-nous vous aider \u00e0 transformer votre service \u00e0 la client\u00e8le en un avantage concurrentiel dans votre secteur.<\/p><p>Notre approche personnalis\u00e9e garantit que chaque solution est parfaitement adapt\u00e9e aux exigences sp\u00e9cifiques de votre industrie, am\u00e9liorant ainsi l'efficacit\u00e9 op\u00e9rationnelle et la satisfaction du client. Que votre entreprise op\u00e8re dans un secteur hautement r\u00e9glement\u00e9 comme les services financiers, ou dans un environnement dynamique comme le commerce \u00e9lectronique, nous avons l'exp\u00e9rience et les outils pour conduire votre succ\u00e8s.<\/p><p>Contactez-nous  d\u00e8s aujourd'hui pour d\u00e9couvrir comment nous pouvons adapter nos solutions aux besoins uniques de votre industrie et vous aider \u00e0 vous d\u00e9marquer dans un march\u00e9 de plus en plus concurrentiel.<\/p>\t\t\t\t\t\t\t\t<\/div>\n\t\t\t\t<\/div>\n\t\t\t\t<div class=\"elementor-element elementor-element-0821417 elementor-align-center elementor-mobile-align-justify elementor-widget elementor-widget-button\" data-id=\"0821417\" data-element_type=\"widget\" data-widget_type=\"button.default\">\n\t\t\t\t<div class=\"elementor-widget-container\">\n\t\t\t\t\t\t\t\t\t<div class=\"elementor-button-wrapper\">\n\t\t\t\t\t<a class=\"elementor-button elementor-button-link elementor-size-sm\" href=\"https:\/\/solutionstechsolvinc.com\/fr\/?page_id=174\">\n\t\t\t\t\t\t<span class=\"elementor-button-content-wrapper\">\n\t\t\t\t\t\t\t\t\t<span class=\"elementor-button-text\">Contactez-nous <\/span>\n\t\t\t\t\t<\/span>\n\t\t\t\t\t<\/a>\n\t\t\t\t<\/div>\n\t\t\t\t\t\t\t\t<\/div>\n\t\t\t\t<\/div>\n\t\t\t\t<\/div>\n\t\t\t\t\t<\/div>\n\t\t\t\t<\/div>\n\t\t\t\t<\/div>","protected":false},"excerpt":{"rendered":"<p>Industries TechSolv Solutions Inc At TechSolv Solutions Inc, we understand that every industry faces unique challenges in customer service. Our expertise spans a wide range of sectors, allowing us to offer customized solutions that address the specific needs of each industry. Sectors Served Our consulting, call center management, technical support, problem solving, and software development [&hellip;]<\/p>","protected":false},"author":1,"featured_media":0,"parent":0,"menu_order":0,"comment_status":"closed","ping_status":"closed","template":"elementor_header_footer","meta":{"footnotes":""},"class_list":["post-162","page","type-page","status-publish","hentry"],"_links":{"self":[{"href":"https:\/\/solutionstechsolvinc.com\/fr\/wp-json\/wp\/v2\/pages\/162","targetHints":{"allow":["GET"]}}],"collection":[{"href":"https:\/\/solutionstechsolvinc.com\/fr\/wp-json\/wp\/v2\/pages"}],"about":[{"href":"https:\/\/solutionstechsolvinc.com\/fr\/wp-json\/wp\/v2\/types\/page"}],"author":[{"embeddable":true,"href":"https:\/\/solutionstechsolvinc.com\/fr\/wp-json\/wp\/v2\/users\/1"}],"replies":[{"embeddable":true,"href":"https:\/\/solutionstechsolvinc.com\/fr\/wp-json\/wp\/v2\/comments?post=162"}],"version-history":[{"count":28,"href":"https:\/\/solutionstechsolvinc.com\/fr\/wp-json\/wp\/v2\/pages\/162\/revisions"}],"predecessor-version":[{"id":836,"href":"https:\/\/solutionstechsolvinc.com\/fr\/wp-json\/wp\/v2\/pages\/162\/revisions\/836"}],"wp:attachment":[{"href":"https:\/\/solutionstechsolvinc.com\/fr\/wp-json\/wp\/v2\/media?parent=162"}],"curies":[{"name":"wp","href":"https:\/\/api.w.org\/{rel}","templated":true}]}}