{"id":168,"date":"2024-12-15T20:05:04","date_gmt":"2024-12-15T20:05:04","guid":{"rendered":"https:\/\/solutionstechsolvinc.com\/?page_id=168"},"modified":"2024-12-20T03:30:30","modified_gmt":"2024-12-20T03:30:30","slug":"social-commitment","status":"publish","type":"page","link":"https:\/\/solutionstechsolvinc.com\/fr\/social-commitment\/","title":{"rendered":"Engagement social"},"content":{"rendered":"<div data-elementor-type=\"wp-page\" data-elementor-id=\"168\" class=\"elementor elementor-168\" data-elementor-settings=\"{&quot;ha_cmc_init_switcher&quot;:&quot;no&quot;}\" data-elementor-post-type=\"page\">\n\t\t\t\t<div class=\"elementor-element elementor-element-bf7150d e-flex e-con-boxed e-con e-parent\" data-id=\"bf7150d\" data-element_type=\"container\" data-settings=\"{&quot;background_background&quot;:&quot;classic&quot;,&quot;_ha_eqh_enable&quot;:false}\">\n\t\t\t\t\t<div class=\"e-con-inner\">\n\t\t<div class=\"elementor-element elementor-element-38e8fdd e-con-full e-flex e-con e-child\" data-id=\"38e8fdd\" data-element_type=\"container\" data-settings=\"{&quot;_ha_eqh_enable&quot;:false}\">\n\t\t<div class=\"elementor-element elementor-element-c99b789 e-con-full e-flex e-con e-child\" data-id=\"c99b789\" data-element_type=\"container\" data-settings=\"{&quot;_ha_eqh_enable&quot;:false}\">\n\t\t\t\t<div class=\"elementor-element elementor-element-61790d2 elementor-invisible elementor-widget elementor-widget-heading\" data-id=\"61790d2\" data-element_type=\"widget\" data-settings=\"{&quot;_animation&quot;:&quot;zoomIn&quot;}\" data-widget_type=\"heading.default\">\n\t\t\t\t<div class=\"elementor-widget-container\">\n\t\t\t\t\t<h1 class=\"elementor-heading-title elementor-size-default\">Engagement social<\/h1>\t\t\t\t<\/div>\n\t\t\t\t<\/div>\n\t\t\t\t<\/div>\n\t\t\t\t<\/div>\n\t\t\t\t\t<\/div>\n\t\t\t\t<\/div>\n\t\t<div class=\"elementor-element elementor-element-c67194e e-flex e-con-boxed e-con e-parent\" data-id=\"c67194e\" data-element_type=\"container\" data-settings=\"{&quot;_ha_eqh_enable&quot;:false}\">\n\t\t\t\t\t<div class=\"e-con-inner\">\n\t\t<div class=\"elementor-element elementor-element-20f3646 e-con-full e-flex e-con e-child\" data-id=\"20f3646\" data-element_type=\"container\" data-settings=\"{&quot;_ha_eqh_enable&quot;:false}\">\n\t\t\t\t<div class=\"elementor-element elementor-element-c941ceb elementor-widget elementor-widget-heading\" data-id=\"c941ceb\" data-element_type=\"widget\" data-widget_type=\"heading.default\">\n\t\t\t\t<div class=\"elementor-widget-container\">\n\t\t\t\t\t<h2 class=\"elementor-heading-title elementor-size-default\">Impact Positif <\/h2>\t\t\t\t<\/div>\n\t\t\t\t<\/div>\n\t\t\t\t<div class=\"elementor-element elementor-element-d4ef147 elementor-widget elementor-widget-text-editor\" data-id=\"d4ef147\" data-element_type=\"widget\" data-widget_type=\"text-editor.default\">\n\t\t\t\t<div class=\"elementor-widget-container\">\n\t\t\t\t\t\t\t\t\t<p>Chez TechSolv Solutions Inc, nous croyons fermement que notre succ\u00e8s commercial doit aller de pair avec un impact positif sur la soci\u00e9t\u00e9 et l'environnement. Notre engagement social est un pilier fondamental de notre image de marque, et nous nous effor\u00e7ons constamment d'\u00eatre un agent de changement positif dans les communaut\u00e9s o\u00f9 nous op\u00e9rons<\/p>\t\t\t\t\t\t\t\t<\/div>\n\t\t\t\t<\/div>\n\t\t\t\t<\/div>\n\t\t\t\t\t<\/div>\n\t\t\t\t<\/div>\n\t\t<div class=\"elementor-element elementor-element-a9611ce e-flex e-con-boxed e-con e-parent\" data-id=\"a9611ce\" data-element_type=\"container\" data-settings=\"{&quot;background_background&quot;:&quot;classic&quot;,&quot;_ha_eqh_enable&quot;:false}\">\n\t\t\t\t\t<div class=\"e-con-inner\">\n\t\t<div class=\"elementor-element elementor-element-57db512 e-con-full e-flex e-con e-child\" data-id=\"57db512\" data-element_type=\"container\" data-settings=\"{&quot;_ha_eqh_enable&quot;:false}\">\n\t\t\t\t<div class=\"elementor-element elementor-element-c91555f elementor-widget elementor-widget-heading\" data-id=\"c91555f\" data-element_type=\"widget\" data-widget_type=\"heading.default\">\n\t\t\t\t<div class=\"elementor-widget-container\">\n\t\t\t\t\t<h2 class=\"elementor-heading-title elementor-size-default\">Initiatives de responsabilit\u00e9 sociale<\/h2>\t\t\t\t<\/div>\n\t\t\t\t<\/div>\n\t\t\t\t<div class=\"elementor-element elementor-element-132e77d elementor-widget elementor-widget-text-editor\" data-id=\"132e77d\" data-element_type=\"widget\" data-widget_type=\"text-editor.default\">\n\t\t\t\t<div class=\"elementor-widget-container\">\n\t\t\t\t\t\t\t\t\t<p>Nos initiatives de responsabilit\u00e9 sociale sont con\u00e7ues pour relever des d\u00e9fis cruciaux dans notre soci\u00e9t\u00e9 :<\/p><p><strong>1.\t\u00c9ducation technologique pour tous<\/strong><\/p><ul><li>Nous offrons des ateliers gratuits sur la litt\u00e9ratie num\u00e9rique dans les communaut\u00e9s d\u00e9favoris\u00e9es.<\/li><li>Nous faisons don de mat\u00e9riel informatique remis \u00e0 neuf \u00e0 des \u00e9coles avec des ressources limit\u00e9es.<\/li><li>Nous parrainons des bourses d'\u00e9tudes pour des \u00e9tudiants exceptionnels dans des carri\u00e8res technologiques.<\/li><\/ul><p>\u00a0<\/p><p><strong>2.\tInclusion num\u00e9rique<\/strong><\/p><ul><li>Nous d\u00e9veloppons des applications accessibles pour les personnes handicap\u00e9es.<\/li><li>Nous collaborons avec des organisations locales pour fournir un acc\u00e8s Internet dans les zones rurales.<\/li><li>Nous offrons une formation en comp\u00e9tences num\u00e9riques pour les personnes \u00e2g\u00e9es.<\/li><\/ul><p>\u00a0<\/p><p><strong>3.\tSoutien aux entrepreneurs locaux<\/strong><\/p><ul><li>Nous fournissons du mentorat et des conseils technologiques aux startups locales.<\/li><li>Nous organisons des hackathons pour encourager l'innovation dans les solutions sociales.<\/li><li>Nous offrons des services de consultation pro bono aux petites entreprises en croissance.<\/li><\/ul>\t\t\t\t\t\t\t\t<\/div>\n\t\t\t\t<\/div>\n\t\t\t\t<\/div>\n\t\t<div class=\"elementor-element elementor-element-a60c45c e-con-full e-flex e-con e-child\" data-id=\"a60c45c\" data-element_type=\"container\" data-settings=\"{&quot;_ha_eqh_enable&quot;:false}\">\n\t\t\t\t<\/div>\n\t\t\t\t\t<\/div>\n\t\t\t\t<\/div>\n\t\t<div class=\"elementor-element elementor-element-4b50d32 e-flex e-con-boxed e-con e-parent\" data-id=\"4b50d32\" data-element_type=\"container\" data-settings=\"{&quot;background_background&quot;:&quot;classic&quot;,&quot;_ha_eqh_enable&quot;:false}\">\n\t\t\t\t\t<div class=\"e-con-inner\">\n\t\t<div class=\"elementor-element elementor-element-5d0afed e-con-full e-flex e-con e-child\" data-id=\"5d0afed\" data-element_type=\"container\" data-settings=\"{&quot;_ha_eqh_enable&quot;:false}\">\n\t\t\t\t<div class=\"elementor-element elementor-element-c845c7b elementor-widget elementor-widget-heading\" data-id=\"c845c7b\" data-element_type=\"widget\" data-widget_type=\"heading.default\">\n\t\t\t\t<div class=\"elementor-widget-container\">\n\t\t\t\t\t<h2 class=\"elementor-heading-title elementor-size-default\">Programmes de b\u00e9n\u00e9volat<\/h2>\t\t\t\t<\/div>\n\t\t\t\t<\/div>\n\t\t\t\t<div class=\"elementor-element elementor-element-e334aee elementor-widget elementor-widget-text-editor\" data-id=\"e334aee\" data-element_type=\"widget\" data-widget_type=\"text-editor.default\">\n\t\t\t\t<div class=\"elementor-widget-container\">\n\t\t\t\t\t\t\t\t\t<p>Nous encourageons activement la participation de nos employ\u00e9s aux activit\u00e9s b\u00e9n\u00e9voles<\/p><p><strong>1.\tLa technologie pour le bien<\/strong><\/p><ul><li>Les employ\u00e9s peuvent consacrer jusqu'\u00e0 40 heures r\u00e9mun\u00e9r\u00e9es par an \u00e0 des projets de b\u00e9n\u00e9volat technologique.<\/li><li>Nous organisons des journ\u00e9es de b\u00e9n\u00e9volat d'entreprise pour des projets communautaires.<\/li><\/ul><p><strong>2.\tMentors en technologie<\/strong><\/p><ul><li>Nos experts offrent du mentorat aux \u00e9tudiants int\u00e9ress\u00e9s par des carri\u00e8res technologiques.<\/li><li>Nous participons \u00e0 des foires des sciences et de la technologie dans les \u00e9coles locales.<\/li><\/ul><p><strong>3.\tCode pour la Communaut\u00e9<\/strong><\/p><ul><li>Nous d\u00e9veloppons des solutions technologiques pro bono pour les organisations \u00e0 but non lucratif.<\/li><li>Nous organisons des marathons de codage pour relever les d\u00e9fis sociaux locaux.<\/li><\/ul>\t\t\t\t\t\t\t\t<\/div>\n\t\t\t\t<\/div>\n\t\t\t\t<\/div>\n\t\t<div class=\"elementor-element elementor-element-8ddce14 e-con-full e-flex e-con e-child\" data-id=\"8ddce14\" data-element_type=\"container\" data-settings=\"{&quot;_ha_eqh_enable&quot;:false}\">\n\t\t\t\t<div class=\"elementor-element elementor-element-9c2f99e elementor-widget elementor-widget-heading\" data-id=\"9c2f99e\" data-element_type=\"widget\" data-widget_type=\"heading.default\">\n\t\t\t\t<div class=\"elementor-widget-container\">\n\t\t\t\t\t<h2 class=\"elementor-heading-title elementor-size-default\">Durabilit\u00e9 et environnement<\/h2>\t\t\t\t<\/div>\n\t\t\t\t<\/div>\n\t\t\t\t<div class=\"elementor-element elementor-element-3f38a25 elementor-widget elementor-widget-text-editor\" data-id=\"3f38a25\" data-element_type=\"widget\" data-widget_type=\"text-editor.default\">\n\t\t\t\t<div class=\"elementor-widget-container\">\n\t\t\t\t\t\t\t\t\t<p>Nous nous engageons \u00e0 minimiser notre impact environnemental et \u00e0 promouvoir des pratiques durables :<\/p><p><strong>1.\tOp\u00e9rations \u00e9cologiques<\/strong><\/p><ul><li>Nous mettons en \u0153uvre des politiques de papier z\u00e9ro dans nos bureaux.<\/li><li>Nous utilisons de l'\u00e9nergie renouvelable dans nos installations.<\/li><li>Nous encourageons l'utilisation du transport durable parmi nos employ\u00e9s.<\/li><\/ul><p>\u00a0<\/p><p><strong>2.\tGestion responsable des d\u00e9chets \u00e9lectroniques<\/strong><\/p><ul><li>Nous organisons des campagnes de recyclage d'\u00e9quipement \u00e9lectronique dans la communaut\u00e9.<\/li><li>Nous avons mis en place un programme de r\u00e9utilisation et de recyclage du mat\u00e9riel dans notre entreprise.<\/li><\/ul><p>\u00a0<\/p><p><strong>3.\tInnovation verte<\/strong><\/p><ul><li>Nous d\u00e9veloppons des solutions technologiques pour optimiser la consommation d'\u00e9nergie.<\/li><li>Nous investissons dans la recherche sur les technologies propres et durables.<\/li><\/ul>\t\t\t\t\t\t\t\t<\/div>\n\t\t\t\t<\/div>\n\t\t\t\t<\/div>\n\t\t\t\t\t<\/div>\n\t\t\t\t<\/div>\n\t\t<div class=\"elementor-element elementor-element-4ae20ff e-flex e-con-boxed e-con e-parent\" data-id=\"4ae20ff\" data-element_type=\"container\" data-settings=\"{&quot;background_background&quot;:&quot;classic&quot;,&quot;_ha_eqh_enable&quot;:false}\">\n\t\t\t\t\t<div class=\"e-con-inner\">\n\t\t<div class=\"elementor-element elementor-element-16f0d9a e-con-full e-flex e-con e-child\" data-id=\"16f0d9a\" data-element_type=\"container\" data-settings=\"{&quot;_ha_eqh_enable&quot;:false}\">\n\t\t\t\t<div class=\"elementor-element elementor-element-9258155 elementor-widget elementor-widget-heading\" data-id=\"9258155\" data-element_type=\"widget\" data-widget_type=\"heading.default\">\n\t\t\t\t<div class=\"elementor-widget-container\">\n\t\t\t\t\t<h2 class=\"elementor-heading-title elementor-size-default\">Partenariats avec des organismes sans but lucratif<\/h2>\t\t\t\t<\/div>\n\t\t\t\t<\/div>\n\t\t\t\t<div class=\"elementor-element elementor-element-97d2b59 elementor-widget elementor-widget-text-editor\" data-id=\"97d2b59\" data-element_type=\"widget\" data-widget_type=\"text-editor.default\">\n\t\t\t\t<div class=\"elementor-widget-container\">\n\t\t\t\t\t\t\t\t\t<p>Nous travaillons en \u00e9troite collaboration avec une vari\u00e9t\u00e9 d'organisations pour maximiser notre impact social :<\/p><p><strong>1.\tFondation pour l'\u00e9ducation num\u00e9rique<\/strong><\/p><ul><li>Nous travaillons ensemble pour amener l'\u00e9ducation technologique dans les zones rurales.<\/li><li>Nous d\u00e9veloppons des programmes \u00e9ducatifs en informatique pour les \u00e9coles publiques.<\/li><\/ul><p>\u00a0<\/p><p><strong>2.\tAssociation d'inclusion technologique<\/strong><\/p><ul><li>Nous collaborons au d\u00e9veloppement de technologies d'assistance pour les personnes handicap\u00e9es.<\/li><li>Nous organisons des \u00e9v\u00e9nements de sensibilisation sur l'importance de l'accessibilit\u00e9 num\u00e9rique.<\/li><\/ul><p>\u00a0<\/p><p><strong>3.\tR\u00e9seau d'entrepreneurs sociaux<\/strong><\/p><ul><li>Nous offrons des ressources technologiques et du mentorat aux entrepreneurs sociaux.<\/li><li>Nous parrainons des concours d'innovation sociale ax\u00e9s sur la technologie.<\/li><\/ul><p>\u00a0<\/p><p><strong>4.\tAlliance pour un avenir durable<\/strong><\/p><ul><li>Nous participons \u00e0 des initiatives de reboisement et de conservation de l'environnement.<\/li><li>Nous collaborons \u00e0 des projets de recherche sur les technologies vertes.<\/li><\/ul>\t\t\t\t\t\t\t\t<\/div>\n\t\t\t\t<\/div>\n\t\t\t\t<\/div>\n\t\t<div class=\"elementor-element elementor-element-a26ae04 e-con-full e-flex e-con e-child\" data-id=\"a26ae04\" data-element_type=\"container\" data-settings=\"{&quot;_ha_eqh_enable&quot;:false}\">\n\t\t\t\t<\/div>\n\t\t\t\t\t<\/div>\n\t\t\t\t<\/div>\n\t\t<div class=\"elementor-element elementor-element-4d7e3a4 e-flex e-con-boxed e-con e-parent\" data-id=\"4d7e3a4\" data-element_type=\"container\" data-settings=\"{&quot;_ha_eqh_enable&quot;:false}\">\n\t\t\t\t\t<div class=\"e-con-inner\">\n\t\t<div class=\"elementor-element elementor-element-467b0ac e-con-full e-flex e-con e-child\" data-id=\"467b0ac\" data-element_type=\"container\" data-settings=\"{&quot;_ha_eqh_enable&quot;:false}\">\n\t\t\t\t<div class=\"elementor-element elementor-element-90bc85e elementor-widget elementor-widget-text-editor\" data-id=\"90bc85e\" data-element_type=\"widget\" data-widget_type=\"text-editor.default\">\n\t\t\t\t<div class=\"elementor-widget-container\">\n\t\t\t\t\t\t\t\t\t<p>Chez TechSolv Solutions Inc, nous nous engageons \u00e0 \u00eatre un catalyseur de changement positif dans notre soci\u00e9t\u00e9. Nous croyons que la technologie a le pouvoir de transformer des vies et des communaut\u00e9s, et nous nous effor\u00e7ons d'utiliser nos ressources et notre expertise pour cr\u00e9er un avenir plus \u00e9quitable, inclusif et durable.<\/p>\t\t\t\t\t\t\t\t<\/div>\n\t\t\t\t<\/div>\n\t\t\t\t<div class=\"elementor-element elementor-element-1a98189 elementor-align-center elementor-mobile-align-justify elementor-widget elementor-widget-button\" data-id=\"1a98189\" data-element_type=\"widget\" data-widget_type=\"button.default\">\n\t\t\t\t<div class=\"elementor-widget-container\">\n\t\t\t\t\t\t\t\t\t<div class=\"elementor-button-wrapper\">\n\t\t\t\t\t<a class=\"elementor-button elementor-button-link elementor-size-sm\" href=\"https:\/\/solutionstechsolvinc.com\/fr\/?page_id=174\">\n\t\t\t\t\t\t<span class=\"elementor-button-content-wrapper\">\n\t\t\t\t\t\t\t\t\t<span class=\"elementor-button-text\">Personne-ressource<\/span>\n\t\t\t\t\t<\/span>\n\t\t\t\t\t<\/a>\n\t\t\t\t<\/div>\n\t\t\t\t\t\t\t\t<\/div>\n\t\t\t\t<\/div>\n\t\t\t\t<\/div>\n\t\t\t\t\t<\/div>\n\t\t\t\t<\/div>\n\t\t\t\t<\/div>","protected":false},"excerpt":{"rendered":"<p>Social Commitment Positive Impact At TechSolv Solutions Inc, we firmly believe that our business success must go hand in hand with a positive impact on society and the environment. Our social commitment is a fundamental pillar of our corporate identity, and we constantly strive to be an agent of positive change in the communities where [&hellip;]<\/p>","protected":false},"author":1,"featured_media":0,"parent":0,"menu_order":0,"comment_status":"closed","ping_status":"closed","template":"elementor_header_footer","meta":{"footnotes":""},"class_list":["post-168","page","type-page","status-publish","hentry"],"_links":{"self":[{"href":"https:\/\/solutionstechsolvinc.com\/fr\/wp-json\/wp\/v2\/pages\/168","targetHints":{"allow":["GET"]}}],"collection":[{"href":"https:\/\/solutionstechsolvinc.com\/fr\/wp-json\/wp\/v2\/pages"}],"about":[{"href":"https:\/\/solutionstechsolvinc.com\/fr\/wp-json\/wp\/v2\/types\/page"}],"author":[{"embeddable":true,"href":"https:\/\/solutionstechsolvinc.com\/fr\/wp-json\/wp\/v2\/users\/1"}],"replies":[{"embeddable":true,"href":"https:\/\/solutionstechsolvinc.com\/fr\/wp-json\/wp\/v2\/comments?post=168"}],"version-history":[{"count":40,"href":"https:\/\/solutionstechsolvinc.com\/fr\/wp-json\/wp\/v2\/pages\/168\/revisions"}],"predecessor-version":[{"id":845,"href":"https:\/\/solutionstechsolvinc.com\/fr\/wp-json\/wp\/v2\/pages\/168\/revisions\/845"}],"wp:attachment":[{"href":"https:\/\/solutionstechsolvinc.com\/fr\/wp-json\/wp\/v2\/media?parent=168"}],"curies":[{"name":"wp","href":"https:\/\/api.w.org\/{rel}","templated":true}]}}