{"id":186,"date":"2024-12-15T20:22:11","date_gmt":"2024-12-15T20:22:11","guid":{"rendered":"https:\/\/solutionstechsolvinc.com\/?page_id=186"},"modified":"2024-12-17T07:54:54","modified_gmt":"2024-12-17T07:54:54","slug":"privacy-policy-2","status":"publish","type":"page","link":"https:\/\/solutionstechsolvinc.com\/fr\/privacy-policy-2\/","title":{"rendered":"Politique de Confidentialit\u00e9"},"content":{"rendered":"<div data-elementor-type=\"wp-page\" data-elementor-id=\"186\" class=\"elementor elementor-186\" data-elementor-settings=\"{&quot;ha_cmc_init_switcher&quot;:&quot;no&quot;}\" data-elementor-post-type=\"page\">\n\t\t\t\t<div class=\"elementor-element elementor-element-afcf592 e-flex e-con-boxed e-con e-parent\" data-id=\"afcf592\" data-element_type=\"container\" data-settings=\"{&quot;background_background&quot;:&quot;classic&quot;,&quot;_ha_eqh_enable&quot;:false}\">\n\t\t\t\t\t<div class=\"e-con-inner\">\n\t\t<div class=\"elementor-element elementor-element-c449d8e e-con-full e-flex e-con e-child\" data-id=\"c449d8e\" data-element_type=\"container\" data-settings=\"{&quot;_ha_eqh_enable&quot;:false}\">\n\t\t<div class=\"elementor-element elementor-element-f8ec3b2 e-con-full e-flex e-con e-child\" data-id=\"f8ec3b2\" data-element_type=\"container\" data-settings=\"{&quot;_ha_eqh_enable&quot;:false}\">\n\t\t\t\t<div class=\"elementor-element elementor-element-6ab210a elementor-invisible elementor-widget elementor-widget-heading\" data-id=\"6ab210a\" data-element_type=\"widget\" data-settings=\"{&quot;_animation&quot;:&quot;zoomIn&quot;}\" data-widget_type=\"heading.default\">\n\t\t\t\t<div class=\"elementor-widget-container\">\n\t\t\t\t\t<h1 class=\"elementor-heading-title elementor-size-default\">Politique de Confidentialit\u00e9 <\/h1>\t\t\t\t<\/div>\n\t\t\t\t<\/div>\n\t\t\t\t<\/div>\n\t\t\t\t<\/div>\n\t\t\t\t\t<\/div>\n\t\t\t\t<\/div>\n\t\t<div class=\"elementor-element elementor-element-5fc74ab e-flex e-con-boxed e-con e-parent\" data-id=\"5fc74ab\" data-element_type=\"container\" data-settings=\"{&quot;background_background&quot;:&quot;classic&quot;,&quot;_ha_eqh_enable&quot;:false}\">\n\t\t\t\t\t<div class=\"e-con-inner\">\n\t\t<div class=\"elementor-element elementor-element-ca48f19 e-con-full e-flex e-con e-child\" data-id=\"ca48f19\" data-element_type=\"container\" data-settings=\"{&quot;_ha_eqh_enable&quot;:false}\">\n\t\t\t\t<div class=\"elementor-element elementor-element-adc6927 elementor-widget elementor-widget-heading\" data-id=\"adc6927\" data-element_type=\"widget\" data-widget_type=\"heading.default\">\n\t\t\t\t<div class=\"elementor-widget-container\">\n\t\t\t\t\t<h2 class=\"elementor-heading-title elementor-size-default\">Politique de Confidentialit\u00e9 de Solutions TechSolv Inc<\/h2>\t\t\t\t<\/div>\n\t\t\t\t<\/div>\n\t\t\t\t<div class=\"elementor-element elementor-element-f300112 elementor-widget elementor-widget-text-editor\" data-id=\"f300112\" data-element_type=\"widget\" data-widget_type=\"text-editor.default\">\n\t\t\t\t<div class=\"elementor-widget-container\">\n\t\t\t\t\t\t\t\t\t<p>Date d'entr\u00e9e en vigueur : 13 d\u00e9cembre 2024<\/p><p>Chez Solutions TechSolv Inc, nous attachons une grande importance \u00e0 votre vie priv\u00e9e et nous nous engageons \u00e0 prot\u00e9ger les informations personnelles que nous collectons. Cette Politique de Confidentialit\u00e9 d\u00e9crit comment nous recueillons, utilisons, divulguons et prot\u00e9geons vos informations personnelles conform\u00e9ment aux lois applicables au Canada, y compris la Loi sur la protection des renseignements personnels et les documents \u00e9lectroniques (LPRPDE) et d'autres r\u00e9glementations pertinentes.<\/p><p><strong>1. Informations que Nous Collectons<\/strong><\/p><p>Nous recueillons des informations personnelles que vous fournissez directement ainsi que des informations g\u00e9n\u00e9r\u00e9es automatiquement lorsque vous interagissez avec nos services. Cela peut inclure, mais sans s'y limiter :<\/p><ul><li>Nom complet<\/li><li>Adresse e-mail<\/li><li>Num\u00e9ro de t\u00e9l\u00e9phone<\/li><li>Informations sur votre entreprise<\/li><li>Donn\u00e9es d'utilisation et pr\u00e9f\u00e9rences<\/li><\/ul><p>\u00a0<\/p><p><strong>2. Utilisation des Informations<\/strong><\/p><p>Nous utilisons vos informations personnelles aux fins suivantes :<\/p><ul><li>Pour fournir et g\u00e9rer nos services.<\/li><li>Pour communiquer avec vous concernant votre demande ou votre requ\u00eate.<\/li><li>Pour envoyer des informations sur nos produits et services.<\/li><li>Pour am\u00e9liorer nos services et personnaliser votre exp\u00e9rience.<\/li><li>Pour respecter les obligations l\u00e9gales et r\u00e9glementaires.<\/li><\/ul><p>\u00a0<\/p><p><strong>3. Consentement<\/strong><\/p><p>En fournissant vos informations personnelles, vous consentez \u00e0 l'utilisation et \u00e0 la divulgation de ces informations comme d\u00e9crit dans cette Politique de Confidentialit\u00e9. Vous pouvez retirer votre consentement \u00e0 tout moment, sous r\u00e9serve de restrictions l\u00e9gales ou contractuelles.<\/p><p><strong>4. Divulgation des Informations<\/strong><\/p><p>Nous ne vendons pas, n'\u00e9changeons pas et ne louons pas vos informations personnelles \u00e0 des tiers. Cependant, nous pouvons partager vos informations avec :<\/p><ul><li>Des prestataires de services qui nous aident \u00e0 faire fonctionner notre entreprise et \u00e0 fournir nos services.<\/li><li>Les autorit\u00e9s l\u00e9gales si cela est requis par la loi ou en r\u00e9ponse \u00e0 un processus l\u00e9gal.<\/li><li>En cas de fusion, d'acquisition ou de vente d'actifs, vos informations peuvent \u00eatre transf\u00e9r\u00e9es dans le cadre de cette transaction.<\/li><\/ul><p>\u00a0<\/p><p><strong>5. S\u00e9curit\u00e9 des Informations<\/strong><\/p><p>Nous mettons en \u0153uvre des mesures raisonnables pour prot\u00e9ger les informations personnelles contre l'acc\u00e8s non autoris\u00e9, l'utilisation abusive, la divulgation et la destruction. Nous utilisons des technologies et des proc\u00e9dures appropri\u00e9es pour prot\u00e9ger vos donn\u00e9es.<\/p><p><strong>6. Conservation des Donn\u00e9es<\/strong><\/p><p>Nous conservons vos informations personnelles uniquement aussi longtemps que n\u00e9cessaire pour atteindre les objectifs pour lesquels elles ont \u00e9t\u00e9 collect\u00e9es ou comme l'exigent les lois applicables.<\/p><p><strong>7. Vos Droits<\/strong><\/p><p>Vous avez le droit d'acc\u00e9der \u00e0 vos informations personnelles que nous avons dans nos dossiers. Vous avez \u00e9galement le droit de demander la correction de toute inexactitude dans vos informations personnelles.<\/p><p>Si vous souhaitez exercer ces droits, veuillez nous contacter en utilisant les coordonn\u00e9es fournies ci-dessous.<\/p><p><strong>8. Modifications de cette Politique<\/strong><\/p><p>Nous pouvons mettre \u00e0 jour cette Politique de Confidentialit\u00e9 de temps \u00e0 autre pour refl\u00e9ter les changements dans nos pratiques ou dans les lois applicables. Nous vous informerons de tout changement significatif par le biais d'un avis sur notre site web.<\/p><p><strong>9. Contactez-Nous<\/strong><\/p><p>Si vous avez des questions ou des pr\u00e9occupations concernant cette Politique de Confidentialit\u00e9 ou nos pratiques en mati\u00e8re de confidentialit\u00e9, veuillez nous contacter \u00e0:<\/p><p>Courriel : info@solutionstechsolvinc.com<br \/>Adresse : Solutions TechSolv Inc 201 Blvd. Robert Bourassa Suite 1700 Montr\u00e9al, Qu\u00e9bec H3A 2A6 Canada<\/p>\t\t\t\t\t\t\t\t<\/div>\n\t\t\t\t<\/div>\n\t\t\t\t<\/div>\n\t\t\t\t\t<\/div>\n\t\t\t\t<\/div>\n\t\t\t\t<\/div>","protected":false},"excerpt":{"rendered":"<p>Privacy Policy Privacy Policy of Solutions TechSolv Inc Effective Date: December 13, 2024 At Solutions TechSolv Inc, we value your privacy and are committed to protecting the personal information we collect. This Privacy Policy outlines how we collect, use, disclose, and safeguard your personal information in compliance with applicable laws in Canada, including the Personal [&hellip;]<\/p>","protected":false},"author":1,"featured_media":0,"parent":0,"menu_order":0,"comment_status":"closed","ping_status":"closed","template":"elementor_header_footer","meta":{"footnotes":""},"class_list":["post-186","page","type-page","status-publish","hentry"],"_links":{"self":[{"href":"https:\/\/solutionstechsolvinc.com\/fr\/wp-json\/wp\/v2\/pages\/186","targetHints":{"allow":["GET"]}}],"collection":[{"href":"https:\/\/solutionstechsolvinc.com\/fr\/wp-json\/wp\/v2\/pages"}],"about":[{"href":"https:\/\/solutionstechsolvinc.com\/fr\/wp-json\/wp\/v2\/types\/page"}],"author":[{"embeddable":true,"href":"https:\/\/solutionstechsolvinc.com\/fr\/wp-json\/wp\/v2\/users\/1"}],"replies":[{"embeddable":true,"href":"https:\/\/solutionstechsolvinc.com\/fr\/wp-json\/wp\/v2\/comments?post=186"}],"version-history":[{"count":10,"href":"https:\/\/solutionstechsolvinc.com\/fr\/wp-json\/wp\/v2\/pages\/186\/revisions"}],"predecessor-version":[{"id":623,"href":"https:\/\/solutionstechsolvinc.com\/fr\/wp-json\/wp\/v2\/pages\/186\/revisions\/623"}],"wp:attachment":[{"href":"https:\/\/solutionstechsolvinc.com\/fr\/wp-json\/wp\/v2\/media?parent=186"}],"curies":[{"name":"wp","href":"https:\/\/api.w.org\/{rel}","templated":true}]}}