{"id":212,"date":"2024-12-15T20:57:29","date_gmt":"2024-12-15T20:57:29","guid":{"rendered":"https:\/\/solutionstechsolvinc.com\/?page_id=212"},"modified":"2024-12-30T21:38:45","modified_gmt":"2024-12-30T21:38:45","slug":"employment","status":"publish","type":"page","link":"https:\/\/solutionstechsolvinc.com\/fr\/employment\/","title":{"rendered":"Emploi"},"content":{"rendered":"<div data-elementor-type=\"wp-page\" data-elementor-id=\"212\" class=\"elementor elementor-212\" data-elementor-settings=\"{&quot;ha_cmc_init_switcher&quot;:&quot;no&quot;}\" data-elementor-post-type=\"page\">\n\t\t\t\t<div class=\"elementor-element elementor-element-c4c2cdf e-flex e-con-boxed e-con e-parent\" data-id=\"c4c2cdf\" data-element_type=\"container\" data-settings=\"{&quot;background_background&quot;:&quot;classic&quot;,&quot;_ha_eqh_enable&quot;:false}\">\n\t\t\t\t\t<div class=\"e-con-inner\">\n\t\t<div class=\"elementor-element elementor-element-3266c8d e-con-full e-flex e-con e-child\" data-id=\"3266c8d\" data-element_type=\"container\" data-settings=\"{&quot;_ha_eqh_enable&quot;:false}\">\n\t\t<div class=\"elementor-element elementor-element-e36f1a2 e-con-full e-flex e-con e-child\" data-id=\"e36f1a2\" data-element_type=\"container\" data-settings=\"{&quot;_ha_eqh_enable&quot;:false}\">\n\t\t\t\t<div class=\"elementor-element elementor-element-233d17e elementor-invisible elementor-widget elementor-widget-heading\" data-id=\"233d17e\" data-element_type=\"widget\" data-settings=\"{&quot;_animation&quot;:&quot;zoomIn&quot;}\" data-widget_type=\"heading.default\">\n\t\t\t\t<div class=\"elementor-widget-container\">\n\t\t\t\t\t<h1 class=\"elementor-heading-title elementor-size-default\">Emploi<\/h1>\t\t\t\t<\/div>\n\t\t\t\t<\/div>\n\t\t\t\t<\/div>\n\t\t\t\t<\/div>\n\t\t\t\t\t<\/div>\n\t\t\t\t<\/div>\n\t\t<div class=\"elementor-element elementor-element-310e2bd e-flex e-con-boxed e-con e-parent\" data-id=\"310e2bd\" data-element_type=\"container\" data-settings=\"{&quot;_ha_eqh_enable&quot;:false}\">\n\t\t\t\t\t<div class=\"e-con-inner\">\n\t\t<div class=\"elementor-element elementor-element-4f42f4d e-con-full e-flex e-con e-child\" data-id=\"4f42f4d\" data-element_type=\"container\" data-settings=\"{&quot;_ha_eqh_enable&quot;:false}\">\n\t\t\t\t<div class=\"elementor-element elementor-element-9a22f1c elementor-widget elementor-widget-image\" data-id=\"9a22f1c\" data-element_type=\"widget\" data-widget_type=\"image.default\">\n\t\t\t\t<div class=\"elementor-widget-container\">\n\t\t\t\t\t\t\t\t\t\t\t\t\t\t\t<img fetchpriority=\"high\" decoding=\"async\" width=\"800\" height=\"533\" src=\"https:\/\/solutionstechsolvinc.com\/wp-content\/uploads\/2024\/12\/Talent-and-Dedication-editado-1024x682.jpg\" class=\"attachment-large size-large wp-image-755\" alt=\"\" srcset=\"https:\/\/solutionstechsolvinc.com\/wp-content\/uploads\/2024\/12\/Talent-and-Dedication-editado-1024x682.jpg 1024w, https:\/\/solutionstechsolvinc.com\/wp-content\/uploads\/2024\/12\/Talent-and-Dedication-editado-300x200.jpg 300w, https:\/\/solutionstechsolvinc.com\/wp-content\/uploads\/2024\/12\/Talent-and-Dedication-editado-768x512.jpg 768w, https:\/\/solutionstechsolvinc.com\/wp-content\/uploads\/2024\/12\/Talent-and-Dedication-editado-1536x1024.jpg 1536w, https:\/\/solutionstechsolvinc.com\/wp-content\/uploads\/2024\/12\/Talent-and-Dedication-editado-18x12.jpg 18w, https:\/\/solutionstechsolvinc.com\/wp-content\/uploads\/2024\/12\/Talent-and-Dedication-editado.jpg 1700w\" sizes=\"(max-width: 800px) 100vw, 800px\" \/>\t\t\t\t\t\t\t\t\t\t\t\t\t\t\t<\/div>\n\t\t\t\t<\/div>\n\t\t\t\t<\/div>\n\t\t<div class=\"elementor-element elementor-element-1d591d9 e-con-full e-flex e-con e-child\" data-id=\"1d591d9\" data-element_type=\"container\" data-settings=\"{&quot;_ha_eqh_enable&quot;:false}\">\n\t\t\t\t<div class=\"elementor-element elementor-element-1ca5573 elementor-widget elementor-widget-heading\" data-id=\"1ca5573\" data-element_type=\"widget\" data-widget_type=\"heading.default\">\n\t\t\t\t<div class=\"elementor-widget-container\">\n\t\t\t\t\t<h2 class=\"elementor-heading-title elementor-size-default\">Talent et d\u00e9vouement <\/h2>\t\t\t\t<\/div>\n\t\t\t\t<\/div>\n\t\t\t\t<div class=\"elementor-element elementor-element-e4c9fdc elementor-widget elementor-widget-text-editor\" data-id=\"e4c9fdc\" data-element_type=\"widget\" data-widget_type=\"text-editor.default\">\n\t\t\t\t<div class=\"elementor-widget-container\">\n\t\t\t\t\t\t\t\t\t<p>Chez Solutions TechSolv Inc, nous croyons que le succ\u00e8s de notre entreprise repose sur le talent et le d\u00e9vouement de notre \u00e9quipe. C'est pourquoi nous recherchons des personnes passionn\u00e9es, innovantes et engag\u00e9es envers l'excellence pour se joindre \u00e0 nous. Si vous souhaitez faire partie d'un environnement dynamique o\u00f9 la croissance professionnelle et personnelle est valoris\u00e9e, nous vous invitons \u00e0 explorer nos domaines d'emploi.<\/p>\t\t\t\t\t\t\t\t<\/div>\n\t\t\t\t<\/div>\n\t\t\t\t<\/div>\n\t\t\t\t\t<\/div>\n\t\t\t\t<\/div>\n\t\t<div class=\"elementor-element elementor-element-a677734 e-flex e-con-boxed e-con e-parent\" data-id=\"a677734\" data-element_type=\"container\" data-settings=\"{&quot;background_background&quot;:&quot;classic&quot;,&quot;_ha_eqh_enable&quot;:false}\">\n\t\t\t\t\t<div class=\"e-con-inner\">\n\t\t<div class=\"elementor-element elementor-element-5452ff8 e-con-full e-flex e-con e-child\" data-id=\"5452ff8\" data-element_type=\"container\" data-settings=\"{&quot;_ha_eqh_enable&quot;:false}\">\n\t\t\t\t<div class=\"elementor-element elementor-element-3a22639 elementor-widget elementor-widget-heading\" data-id=\"3a22639\" data-element_type=\"widget\" data-widget_type=\"heading.default\">\n\t\t\t\t<div class=\"elementor-widget-container\">\n\t\t\t\t\t<h2 class=\"elementor-heading-title elementor-size-default\">Domaines d'emploi<\/h2>\t\t\t\t<\/div>\n\t\t\t\t<\/div>\n\t\t\t\t<div class=\"elementor-element elementor-element-15a396f elementor-widget elementor-widget-text-editor\" data-id=\"15a396f\" data-element_type=\"widget\" data-widget_type=\"text-editor.default\">\n\t\t\t\t<div class=\"elementor-widget-container\">\n\t\t\t\t\t\t\t\t\t<p>Chez Solutions TechSolv Inc, nous offrons des opportunit\u00e9s de d\u00e9veloppement professionnel dans plusieurs domaines cl\u00e9s de notre entreprise :<\/p>\t\t\t\t\t\t\t\t<\/div>\n\t\t\t\t<\/div>\n\t\t\t\t<\/div>\n\t\t\t\t\t<\/div>\n\t\t\t\t<\/div>\n\t\t<div class=\"elementor-element elementor-element-3978d97 e-flex e-con-boxed e-con e-parent\" data-id=\"3978d97\" data-element_type=\"container\" data-settings=\"{&quot;background_background&quot;:&quot;classic&quot;,&quot;_ha_eqh_enable&quot;:false}\">\n\t\t\t\t\t<div class=\"e-con-inner\">\n\t\t<div class=\"elementor-element elementor-element-88cfa04 e-con-full e-flex e-con e-child\" data-id=\"88cfa04\" data-element_type=\"container\" data-settings=\"{&quot;_ha_eqh_enable&quot;:false}\">\n\t\t\t\t<div class=\"elementor-element elementor-element-43f145e elementor-widget elementor-widget-text-editor\" data-id=\"43f145e\" data-element_type=\"widget\" data-widget_type=\"text-editor.default\">\n\t\t\t\t<div class=\"elementor-widget-container\">\n\t\t\t\t\t\t\t\t\t<p><strong>1.\tConseil en service \u00e0 la client\u00e8le<\/strong><\/p><ul><li>Conception et mise en \u0153uvre de strat\u00e9gies pour am\u00e9liorer l'exp\u00e9rience client.<\/li><li>Collaboration avec des \u00e9quipes internes et externes pour optimiser les processus.<\/li><li>Analyse des donn\u00e9es et production de rapports pour la prise de d\u00e9cisions.<\/li><\/ul><p>\u00a0<\/p><p><strong>2.\tSoutien technique sp\u00e9cialis\u00e9<\/strong><\/p><ul><li>Support client sur les plateformes mobiles et en ligne.<\/li><li>Identification et r\u00e9solution efficaces des probl\u00e8mes techniques.<\/li><li>\u00c9laboration d'une documentation technique et de bases de connaissances.<\/li><\/ul><p>\u00a0<\/p><p><strong>3.\tD\u00e9veloppement de logiciels<\/strong><\/p><ul><li>Cr\u00e9ation d'outils technologiques personnalis\u00e9s pour la gestion de la client\u00e8le.<\/li><li>D\u00e9veloppement d'applications mobiles et de plateformes Web.<\/li><li>Mise en \u0153uvre de solutions d'intelligence artificielle et d'apprentissage automatique.<\/li><\/ul><p>\u00a0<\/p><p><strong>4.\tGestion du centre d'appels<\/strong><\/p><ul><li>Supervision et optimisation des op\u00e9rations du centre d'appels.<\/li><li>Mise en \u0153uvre de strat\u00e9gies pour am\u00e9liorer l'efficacit\u00e9 et la qualit\u00e9 du service.<\/li><li>Analyse des mesures de performance et de la satisfaction du client.<\/li><\/ul><p>\u00a0<\/p><p><strong>5.\tAnalyse des donn\u00e9es et intelligence d'affaires<\/strong><\/p><ul><li>Traitement et analyse de grands volumes de donn\u00e9es client.<\/li><li>D\u00e9veloppement de mod\u00e8les pr\u00e9dictifs pour am\u00e9liorer le service \u00e0 la client\u00e8le.<\/li><li>Cr\u00e9ation de tableaux de bord et de rapports pour la prise de d\u00e9cision strat\u00e9gique.<\/li><\/ul><p>\u00a0<\/p><p><strong>6.\tGestion de projet<\/strong><\/p><ul><li>Coordination de projets pour la mise en \u0153uvre de solutions de service \u00e0 la client\u00e8le.<\/li><li>Gestion des ressources, des d\u00e9lais et des budgets.<\/li><li>Communication avec les clients et les parties prenantes internes.<\/li><\/ul>\t\t\t\t\t\t\t\t<\/div>\n\t\t\t\t<\/div>\n\t\t\t\t<\/div>\n\t\t<div class=\"elementor-element elementor-element-e299b85 e-con-full elementor-hidden-mobile e-flex e-con e-child\" data-id=\"e299b85\" data-element_type=\"container\" data-settings=\"{&quot;_ha_eqh_enable&quot;:false}\">\n\t\t\t\t<\/div>\n\t\t\t\t\t<\/div>\n\t\t\t\t<\/div>\n\t\t<div class=\"elementor-element elementor-element-eadc05f e-flex e-con-boxed e-con e-parent\" data-id=\"eadc05f\" data-element_type=\"container\" data-settings=\"{&quot;background_background&quot;:&quot;classic&quot;,&quot;_ha_eqh_enable&quot;:false}\">\n\t\t\t\t\t<div class=\"e-con-inner\">\n\t\t<div class=\"elementor-element elementor-element-0317c03 e-con-full e-flex e-con e-child\" data-id=\"0317c03\" data-element_type=\"container\" data-settings=\"{&quot;_ha_eqh_enable&quot;:false}\">\n\t\t\t\t<div class=\"elementor-element elementor-element-5901df8 elementor-widget elementor-widget-text-editor\" data-id=\"5901df8\" data-element_type=\"widget\" data-widget_type=\"text-editor.default\">\n\t\t\t\t<div class=\"elementor-widget-container\">\n\t\t\t\t\t\t\t\t\t<p>Si vous \u00eates int\u00e9ress\u00e9 par l'un de ces domaines, mais que vous ne voyez pas de poste sp\u00e9cifique r\u00e9pertori\u00e9, nous vous encourageons \u00e0 nous envoyer vos informations pour de futures opportunit\u00e9s.<\/p>\t\t\t\t\t\t\t\t<\/div>\n\t\t\t\t<\/div>\n\t\t\t\t<\/div>\n\t\t\t\t\t<\/div>\n\t\t\t\t<\/div>\n\t\t<div class=\"elementor-element elementor-element-5a74623 e-flex e-con-boxed e-con e-parent\" data-id=\"5a74623\" data-element_type=\"container\" data-settings=\"{&quot;background_background&quot;:&quot;classic&quot;,&quot;_ha_eqh_enable&quot;:false}\">\n\t\t\t\t\t<div class=\"e-con-inner\">\n\t\t<div class=\"elementor-element elementor-element-483ae6b e-con-full e-flex e-con e-child\" data-id=\"483ae6b\" data-element_type=\"container\" data-settings=\"{&quot;_ha_eqh_enable&quot;:false}\">\n\t\t\t\t<div class=\"elementor-element elementor-element-d460834 elementor-widget elementor-widget-heading\" data-id=\"d460834\" data-element_type=\"widget\" data-widget_type=\"heading.default\">\n\t\t\t\t<div class=\"elementor-widget-container\">\n\t\t\t\t\t<h2 class=\"elementor-heading-title elementor-size-default\">Culture d'entreprise<\/h2>\t\t\t\t<\/div>\n\t\t\t\t<\/div>\n\t\t\t\t<div class=\"elementor-element elementor-element-0b00b23 elementor-widget elementor-widget-text-editor\" data-id=\"0b00b23\" data-element_type=\"widget\" data-widget_type=\"text-editor.default\">\n\t\t\t\t<div class=\"elementor-widget-container\">\n\t\t\t\t\t\t\t\t\t<p>Chez Solutions TechSolv Inc, nous favorisons une culture bas\u00e9e sur la collaboration, le respect mutuel et le d\u00e9veloppement continu. Nous croyons qu'un environnement de travail positif stimule l'innovation et l'engagement. Nous nous effor\u00e7ons de :<\/p><ul><li>Promouvoir la diversit\u00e9 et l'inclusion \u00e0 tous les niveaux.<\/li><li>Encourager l'apprentissage continu au moyen de programmes de formation.<\/li><li>Reconna\u00eetre et r\u00e9compenser les r\u00e9alisations individuelles et collectives.<\/li><li>Cr\u00e9ez un espace o\u00f9 chaque membre de l'\u00e9quipe peut se d\u00e9velopper professionnellement tout en contribuant au succ\u00e8s de l'entreprise.<\/li><\/ul>\t\t\t\t\t\t\t\t<\/div>\n\t\t\t\t<\/div>\n\t\t\t\t<\/div>\n\t\t<div class=\"elementor-element elementor-element-3c07a56 e-con-full e-flex e-con e-child\" data-id=\"3c07a56\" data-element_type=\"container\" data-settings=\"{&quot;_ha_eqh_enable&quot;:false}\">\n\t\t\t\t<div class=\"elementor-element elementor-element-82d4c99 elementor-widget elementor-widget-heading\" data-id=\"82d4c99\" data-element_type=\"widget\" data-widget_type=\"heading.default\">\n\t\t\t\t<div class=\"elementor-widget-container\">\n\t\t\t\t\t<h2 class=\"elementor-heading-title elementor-size-default\">Processus de demande<\/h2>\t\t\t\t<\/div>\n\t\t\t\t<\/div>\n\t\t\t\t<div class=\"elementor-element elementor-element-50836e6 elementor-widget elementor-widget-text-editor\" data-id=\"50836e6\" data-element_type=\"widget\" data-widget_type=\"text-editor.default\">\n\t\t\t\t<div class=\"elementor-widget-container\">\n\t\t\t\t\t\t\t\t\t<p>Notre processus de candidature est simple et transparent :<\/p><ol><li>Pr\u00e9sentation de la demande : Remplissez le formulaire de demande disponible au bas de cette page.<\/li><li>\u00c9valuation initiale : Nous examinerons votre demande pour d\u00e9terminer si elle r\u00e9pond aux exigences du domaine d'int\u00e9r\u00eat.<\/li><li>Entrevue : Si votre profil est s\u00e9lectionn\u00e9, nous vous contacterons pour coordonner une entrevue virtuelle ou en personne.<\/li><li>\u00c9valuation finale : Selon le domaine, elle peut comprendre une \u00e9valuation technique ou pratique.<\/li><li>Offre d'emploi : si vous \u00eates s\u00e9lectionn\u00e9, vous recevrez une offre officielle contenant tous les d\u00e9tails du poste.<\/li><\/ol>\t\t\t\t\t\t\t\t<\/div>\n\t\t\t\t<\/div>\n\t\t\t\t<\/div>\n\t\t\t\t\t<\/div>\n\t\t\t\t<\/div>\n\t\t<div class=\"elementor-element elementor-element-ed2e080 e-flex e-con-boxed e-con e-parent\" data-id=\"ed2e080\" data-element_type=\"container\" data-settings=\"{&quot;background_background&quot;:&quot;classic&quot;,&quot;_ha_eqh_enable&quot;:false}\">\n\t\t\t\t\t<div class=\"e-con-inner\">\n\t\t<div class=\"elementor-element elementor-element-b0b0708 e-con-full e-flex e-con e-child\" data-id=\"b0b0708\" data-element_type=\"container\" data-settings=\"{&quot;_ha_eqh_enable&quot;:false}\">\n\t\t\t\t<div class=\"elementor-element elementor-element-6e26006 elementor-widget elementor-widget-heading\" data-id=\"6e26006\" data-element_type=\"widget\" data-widget_type=\"heading.default\">\n\t\t\t\t<div class=\"elementor-widget-container\">\n\t\t\t\t\t<h2 class=\"elementor-heading-title elementor-size-default\">Avantages sociaux des employ\u00e9s<\/h2>\t\t\t\t<\/div>\n\t\t\t\t<\/div>\n\t\t\t\t<div class=\"elementor-element elementor-element-c1f82a3 elementor-widget elementor-widget-text-editor\" data-id=\"c1f82a3\" data-element_type=\"widget\" data-widget_type=\"text-editor.default\">\n\t\t\t\t<div class=\"elementor-widget-container\">\n\t\t\t\t\t\t\t\t\t<p>Chez TechSolv Solutions Inc, nous appr\u00e9cions notre \u00e9quipe et offrons une vari\u00e9t\u00e9 d'avantages con\u00e7us pour soutenir leur bien-\u00eatre et leur d\u00e9veloppement professionnel :<\/p><ul><li>Croissance professionnelle : Acc\u00e8s \u00e0 la formation et aux programmes de perfectionnement continu.<\/li><li>Environnement collaboratif : Travail d'\u00e9quipe dans un environnement inclusif et respectueux.<\/li><li>R\u00e9mun\u00e9ration concurrentielle : Des salaires attrayants correspondent aux responsabilit\u00e9s du poste.<\/li><li>Avantages suppl\u00e9mentaires : Plans de sant\u00e9, incitations au rendement et options flexibles bas\u00e9es sur les r\u00f4les.<\/li><\/ul>\t\t\t\t\t\t\t\t<\/div>\n\t\t\t\t<\/div>\n\t\t\t\t<\/div>\n\t\t<div class=\"elementor-element elementor-element-d08e7af e-con-full e-flex e-con e-child\" data-id=\"d08e7af\" data-element_type=\"container\" data-settings=\"{&quot;_ha_eqh_enable&quot;:false}\">\n\t\t\t\t<div class=\"elementor-element elementor-element-0f6b763 elementor-widget elementor-widget-heading\" data-id=\"0f6b763\" data-element_type=\"widget\" data-widget_type=\"heading.default\">\n\t\t\t\t<div class=\"elementor-widget-container\">\n\t\t\t\t\t<h2 class=\"elementor-heading-title elementor-size-default\">Formulaire de demande<\/h2>\t\t\t\t<\/div>\n\t\t\t\t<\/div>\n\t\t\t\t<div class=\"elementor-element elementor-element-474c03b elementor-button-align-stretch elementor-widget elementor-widget-form\" data-id=\"474c03b\" data-element_type=\"widget\" data-settings=\"{&quot;step_next_label&quot;:&quot;Next&quot;,&quot;step_previous_label&quot;:&quot;Previous&quot;,&quot;button_width&quot;:&quot;100&quot;,&quot;step_type&quot;:&quot;number_text&quot;,&quot;step_icon_shape&quot;:&quot;circle&quot;}\" data-widget_type=\"form.default\">\n\t\t\t\t<div class=\"elementor-widget-container\">\n\t\t\t\t\t\t\t<form class=\"elementor-form\" method=\"post\" name=\"New Form\" aria-label=\"New Form\" action=\"\">\n\t\t\t<input type=\"hidden\" name=\"post_id\" value=\"212\"\/>\n\t\t\t<input type=\"hidden\" name=\"form_id\" value=\"474c03b\"\/>\n\t\t\t<input type=\"hidden\" name=\"referer_title\" value=\"Employment\" \/>\n\n\t\t\t\t\t\t\t<input type=\"hidden\" name=\"queried_id\" value=\"212\"\/>\n\t\t\t\n\t\t\t<div class=\"elementor-form-fields-wrapper elementor-labels-above\">\n\t\t\t\t\t\t\t\t<div class=\"elementor-field-type-text elementor-field-group elementor-column elementor-field-group-name elementor-col-50\">\n\t\t\t\t\t\t\t\t\t\t\t\t<label for=\"form-field-name\" class=\"elementor-field-label\">\n\t\t\t\t\t\t\t\tNom\t\t\t\t\t\t\t<\/label>\n\t\t\t\t\t\t\t\t\t\t\t\t\t\t<input size=\"1\" type=\"text\" name=\"form_fields[name]\" id=\"form-field-name\" class=\"elementor-field elementor-size-sm  elementor-field-textual\">\n\t\t\t\t\t\t\t\t\t\t\t<\/div>\n\t\t\t\t\t\t\t\t<div class=\"elementor-field-type-email elementor-field-group elementor-column elementor-field-group-email elementor-col-50 elementor-field-required\">\n\t\t\t\t\t\t\t\t\t\t\t\t<label for=\"form-field-email\" class=\"elementor-field-label\">\n\t\t\t\t\t\t\t\tCourriel\t\t\t\t\t\t\t<\/label>\n\t\t\t\t\t\t\t\t\t\t\t\t\t\t<input size=\"1\" type=\"email\" name=\"form_fields[email]\" id=\"form-field-email\" class=\"elementor-field elementor-size-sm  elementor-field-textual\" required=\"required\">\n\t\t\t\t\t\t\t\t\t\t\t<\/div>\n\t\t\t\t\t\t\t\t<div class=\"elementor-field-type-text elementor-field-group elementor-column elementor-field-group-field_c7680b6 elementor-col-100\">\n\t\t\t\t\t\t\t\t\t\t\t\t<label for=\"form-field-field_c7680b6\" class=\"elementor-field-label\">\n\t\t\t\t\t\t\t\tNum\u00e9ro de t\u00e9l\u00e9phone\t\t\t\t\t\t\t<\/label>\n\t\t\t\t\t\t\t\t\t\t\t\t\t\t<input size=\"1\" type=\"text\" name=\"form_fields[field_c7680b6]\" id=\"form-field-field_c7680b6\" class=\"elementor-field elementor-size-sm  elementor-field-textual\">\n\t\t\t\t\t\t\t\t\t\t\t<\/div>\n\t\t\t\t\t\t\t\t<div class=\"elementor-field-type-select elementor-field-group elementor-column elementor-field-group-field_913256f elementor-col-100\">\n\t\t\t\t\t\t\t\t\t\t\t\t<label for=\"form-field-field_913256f\" class=\"elementor-field-label\">\n\t\t\t\t\t\t\t\tDomaine d'int\u00e9r\u00eat\t\t\t\t\t\t\t<\/label>\n\t\t\t\t\t\t\t\t<div class=\"elementor-field elementor-select-wrapper remove-before\">\n\t\t\t<div class=\"select-caret-down-wrapper\">\n\t\t\t\t<svg aria-hidden=\"true\" class=\"e-font-icon-svg e-eicon-caret-down\" viewbox=\"0 0 571.4 571.4\" xmlns=\"http:\/\/www.w3.org\/2000\/svg\"><path d=\"M571 393Q571 407 561 418L311 668Q300 679 286 679T261 668L11 418Q0 407 0 393T11 368 36 357H536Q550 357 561 368T571 393Z\"><\/path><\/svg>\t\t\t<\/div>\n\t\t\t<select name=\"form_fields[field_913256f]\" id=\"form-field-field_913256f\" class=\"elementor-field-textual elementor-size-sm\">\n\t\t\t\t\t\t\t\t\t<option value=\"Select an option\">S\u00e9lectionner une option<\/option>\n\t\t\t\t\t\t\t\t\t<option value=\"Customer Service Consulting\">Conseil en service client<\/option>\n\t\t\t\t\t\t\t\t\t<option value=\"Specialized Technical Support\">Soutien technique sp\u00e9cialis\u00e9<\/option>\n\t\t\t\t\t\t\t\t\t<option value=\"Software Development\">D\u00e9veloppement de logiciels<\/option>\n\t\t\t\t\t\t\t\t\t<option value=\"Call Center Management\">Gestion du centre d'appel<\/option>\n\t\t\t\t\t\t\t\t\t<option value=\"Data Analysis and Business Intelligence\">Analyse des donn\u00e9es et intelligence \u00e9conomique<\/option>\n\t\t\t\t\t\t\t\t\t<option value=\"Project Management\">Gestion de projet<\/option>\n\t\t\t\t\t\t\t\t\t<option value=\"Other\">Autres<\/option>\n\t\t\t\t\t\t\t<\/select>\n\t\t<\/div>\n\t\t\t\t\t\t<\/div>\n\t\t\t\t\t\t\t\t<div class=\"elementor-field-type-upload elementor-field-group elementor-column elementor-field-group-field_b7dfa5c elementor-col-100\">\n\t\t\t\t\t\t\t\t\t\t\t\t<label for=\"form-field-field_b7dfa5c\" class=\"elementor-field-label\">\n\t\t\t\t\t\t\t\tJoindre le curriculum vitae \t\t\t\t\t\t\t<\/label>\n\t\t\t\t\t\t\t\t<input type=\"file\" name=\"form_fields[field_b7dfa5c]\" id=\"form-field-field_b7dfa5c\" class=\"elementor-field elementor-size-sm  elementor-upload-field\">\n\n\t\t\t\t\t\t<\/div>\n\t\t\t\t\t\t\t\t<div class=\"elementor-field-type-textarea elementor-field-group elementor-column elementor-field-group-message elementor-col-100\">\n\t\t\t\t\t\t\t\t\t\t\t\t<label for=\"form-field-message\" class=\"elementor-field-label\">\n\t\t\t\t\t\t\t\tMessage ou lettre d'accompagnement \t\t\t\t\t\t\t<\/label>\n\t\t\t\t\t\t<textarea class=\"elementor-field-textual elementor-field  elementor-size-sm\" name=\"form_fields[message]\" id=\"form-field-message\" rows=\"4\"><\/textarea>\t\t\t\t<\/div>\n\t\t\t\t\t\t\t\t<div class=\"elementor-field-type-recaptcha elementor-field-group elementor-column elementor-field-group-field_49eea47 elementor-col-100\">\n\t\t\t\t\t<div class=\"elementor-field\" id=\"form-field-field_49eea47\"><div class=\"elementor-g-recaptcha\" data-sitekey=\"6Ld1CaEqAAAAACN-l72VIdLFIf6M4w-KQ0aDiiW2\" data-type=\"v2_checkbox\" data-theme=\"light\" data-size=\"normal\"><\/div><\/div>\t\t\t\t<\/div>\n\t\t\t\t\t\t\t\t<div class=\"elementor-field-group elementor-column elementor-field-type-submit elementor-col-100 e-form__buttons\">\n\t\t\t\t\t<button class=\"elementor-button elementor-size-sm\" type=\"submit\">\n\t\t\t\t\t\t<span class=\"elementor-button-content-wrapper\">\n\t\t\t\t\t\t\t\t\t\t\t\t\t\t\t\t\t\t\t\t\t\t<span class=\"elementor-button-text\">Envoyer<\/span>\n\t\t\t\t\t\t\t\t\t\t\t\t\t<\/span>\n\t\t\t\t\t<\/button>\n\t\t\t\t<\/div>\n\t\t\t<\/div>\n\t\t<input type=\"hidden\" name=\"trp-form-language\" value=\"fr\"\/><\/form>\n\t\t\t\t\t\t<\/div>\n\t\t\t\t<\/div>\n\t\t\t\t<\/div>\n\t\t\t\t\t<\/div>\n\t\t\t\t<\/div>\n\t\t\t\t<\/div>","protected":false},"excerpt":{"rendered":"<p>Employment Talent and Dedication At Solutions TechSolv Inc, we believe that the success of our company is based on the talent and dedication of our team. That&#8217;s why we&#8217;re looking for people who are passionate, innovative, and committed to excellence to join us. If you are interested in being part of a dynamic environment where [&hellip;]<\/p>","protected":false},"author":1,"featured_media":0,"parent":0,"menu_order":0,"comment_status":"closed","ping_status":"closed","template":"elementor_header_footer","meta":{"footnotes":""},"class_list":["post-212","page","type-page","status-publish","hentry"],"_links":{"self":[{"href":"https:\/\/solutionstechsolvinc.com\/fr\/wp-json\/wp\/v2\/pages\/212","targetHints":{"allow":["GET"]}}],"collection":[{"href":"https:\/\/solutionstechsolvinc.com\/fr\/wp-json\/wp\/v2\/pages"}],"about":[{"href":"https:\/\/solutionstechsolvinc.com\/fr\/wp-json\/wp\/v2\/types\/page"}],"author":[{"embeddable":true,"href":"https:\/\/solutionstechsolvinc.com\/fr\/wp-json\/wp\/v2\/users\/1"}],"replies":[{"embeddable":true,"href":"https:\/\/solutionstechsolvinc.com\/fr\/wp-json\/wp\/v2\/comments?post=212"}],"version-history":[{"count":76,"href":"https:\/\/solutionstechsolvinc.com\/fr\/wp-json\/wp\/v2\/pages\/212\/revisions"}],"predecessor-version":[{"id":868,"href":"https:\/\/solutionstechsolvinc.com\/fr\/wp-json\/wp\/v2\/pages\/212\/revisions\/868"}],"wp:attachment":[{"href":"https:\/\/solutionstechsolvinc.com\/fr\/wp-json\/wp\/v2\/media?parent=212"}],"curies":[{"name":"wp","href":"https:\/\/api.w.org\/{rel}","templated":true}]}}